{"id":77,"date":"2019-01-24T09:39:46","date_gmt":"2019-01-24T08:39:46","guid":{"rendered":"http:\/\/retztal-lamas.de\/retztallamas20\/?page_id=77"},"modified":"2022-06-30T15:34:18","modified_gmt":"2022-06-30T13:34:18","slug":"achtsamkeit","status":"publish","type":"page","link":"https:\/\/retztal-lamas.de\/retztallamas20\/achtsamkeit\/","title":{"rendered":"Achtsamkeitswanderung"},"content":{"rendered":"\n<p>Dauer: 2 &#8211; 3 Stunden<\/p>\n\n\n\n<p><strong><a href=\"https:\/\/retztal-lamas.de\/retztallamas20\/preisliste\/\" data-type=\"page\" data-id=\"1075\" target=\"_blank\" rel=\"noreferrer noopener\">Preisliste<\/a><\/strong><\/p>\n\n\n\n<p>Eine Achtsamkeitswanderung bietet sich vor allem f\u00fcr Leute an, die schon einmal ein Lama gef\u00fchrt haben. Wenn man bereits wei\u00df, was einen erwartet und die ersten Fragen (Spucken die? Was fressen die? Warum haben Sie Lamas? Was ist der Unterschied zum Alpaka\u2026usw) bereits gestillt sind, ist man bereit sich auf das Hier und Jetzt einzulassen und das Erlebnis mit dem Tier in Stille zu genie\u00dfen. Hier geht es darum zur Ruhe und in die Entschleunigung zu kommen. Jeder Teilnehmer bleibt bei sich und seinem gef\u00fchrten Tier. Erleben mit allen Sinnen, Beobachten ohne zu werten.<\/p>\n\n\n\n<p>Achtsamkeit bedeutet ganz bewusst von Augenblick zu Augenblick das wahrzunehmen, was gerade ist. Beurteilungen und Selbstkritik haben hier keinen Platz. Wir nehmen eine beobachtende und akzeptierende Haltung ein und wenden uns allein dem gegenw\u00e4rtigen Moment zu, den wir vorurteilsfrei akzeptieren. <\/p>\n\n\n\n<p>Wer Achtsamkeit ernsthaft und regelm\u00e4\u00dfig praktiziert, stellt fest, dass f\u00fcr ihn Gl\u00fcck und Lebensfreude nicht von \u00e4u\u00dferen Bedingungen abh\u00e4ngig sind. Er entwickelt einen klaren, stabilen Geist, der es ihm erlaubt, auch in schwierigen Lebenszeiten und Situationen mit der Kraft seiner inneren Ressourcen verbunden zu sein. Das f\u00fchrt zu verschiedenen heilsamen Auswirkungen.<\/p>\n\n\n\n<p>Das Lama begleitet und unterst\u00fctzt uns dabei unter anderem<\/p>\n\n\n\n<ul class=\"wp-block-list\"><li>den Geist zu beruhigen und zu stabilisieren &#8211; Gedankenstr\u00f6me loszulassen<\/li><li>mit Stress und Belastungen besser umgehen zu k\u00f6nnen<\/li><li>mit uns selbst geduldiger und mitf\u00fchlender zu sein<\/li><li>weniger \u00e4ngstlich und deprimiert zu sein<\/li><li>unsere Impulskontrolle zu verbessern<\/li><li>selbstbestimmter und selbstbewusster zu handeln<\/li><li>freundlich aber bestimmt Grenzen zu setzen<\/li><li>mehr Gleichgewicht, Stablilit\u00e4t, Souver\u00e4nit\u00e4t und Lebensfreude zu entwickeln<\/li><li>und diese auch in schwierigen Situationen zu behalten<\/li><\/ul>\n\n\n\n<figure class=\"wp-block-gallery has-nested-images columns-default is-cropped wp-block-gallery-1 is-layout-flex wp-block-gallery-is-layout-flex\">\n<figure class=\"wp-block-image size-large\"><img loading=\"lazy\" decoding=\"async\" width=\"2560\" height=\"1920\" data-id=\"990\" src=\"https:\/\/retztal-lamas.de\/retztallamas20\/wp-content\/uploads\/2022\/04\/ACHTSAMKEIT1-1-scaled.jpg\" alt=\"\" class=\"wp-image-990\" srcset=\"https:\/\/retztal-lamas.de\/retztallamas20\/wp-content\/uploads\/2022\/04\/ACHTSAMKEIT1-1-scaled.jpg 2560w, https:\/\/retztal-lamas.de\/retztallamas20\/wp-content\/uploads\/2022\/04\/ACHTSAMKEIT1-1-300x225.jpg 300w, https:\/\/retztal-lamas.de\/retztallamas20\/wp-content\/uploads\/2022\/04\/ACHTSAMKEIT1-1-1024x768.jpg 1024w, https:\/\/retztal-lamas.de\/retztallamas20\/wp-content\/uploads\/2022\/04\/ACHTSAMKEIT1-1-768x576.jpg 768w, https:\/\/retztal-lamas.de\/retztallamas20\/wp-content\/uploads\/2022\/04\/ACHTSAMKEIT1-1-1536x1152.jpg 1536w, https:\/\/retztal-lamas.de\/retztallamas20\/wp-content\/uploads\/2022\/04\/ACHTSAMKEIT1-1-2048x1536.jpg 2048w, https:\/\/retztal-lamas.de\/retztallamas20\/wp-content\/uploads\/2022\/04\/ACHTSAMKEIT1-1-1600x1200.jpg 1600w\" sizes=\"(max-width: 2560px) 100vw, 2560px\" \/><\/figure>\n\n\n\n<figure class=\"wp-block-image size-large\"><img loading=\"lazy\" decoding=\"async\" width=\"2161\" height=\"3038\" data-id=\"993\" src=\"https:\/\/retztal-lamas.de\/retztallamas20\/wp-content\/uploads\/2022\/04\/ACHTSAMKEIT2_2-1.png\" alt=\"\" class=\"wp-image-993\" srcset=\"https:\/\/retztal-lamas.de\/retztallamas20\/wp-content\/uploads\/2022\/04\/ACHTSAMKEIT2_2-1.png 2161w, https:\/\/retztal-lamas.de\/retztallamas20\/wp-content\/uploads\/2022\/04\/ACHTSAMKEIT2_2-1-213x300.png 213w, https:\/\/retztal-lamas.de\/retztallamas20\/wp-content\/uploads\/2022\/04\/ACHTSAMKEIT2_2-1-728x1024.png 728w, https:\/\/retztal-lamas.de\/retztallamas20\/wp-content\/uploads\/2022\/04\/ACHTSAMKEIT2_2-1-768x1080.png 768w, https:\/\/retztal-lamas.de\/retztallamas20\/wp-content\/uploads\/2022\/04\/ACHTSAMKEIT2_2-1-1093x1536.png 1093w, https:\/\/retztal-lamas.de\/retztallamas20\/wp-content\/uploads\/2022\/04\/ACHTSAMKEIT2_2-1-1457x2048.png 1457w, https:\/\/retztal-lamas.de\/retztallamas20\/wp-content\/uploads\/2022\/04\/ACHTSAMKEIT2_2-1-1600x2249.png 1600w\" sizes=\"(max-width: 2161px) 100vw, 2161px\" \/><\/figure>\n<\/figure>\n","protected":false},"excerpt":{"rendered":"<p>Dauer: 2 &#8211; 3 Stunden Preisliste Eine Achtsamkeitswanderung bietet sich vor allem f\u00fcr Leute an, die schon einmal ein Lama&hellip;<\/p>\n","protected":false},"author":1,"featured_media":0,"parent":0,"menu_order":0,"comment_status":"closed","ping_status":"closed","template":"","meta":{"footnotes":""},"class_list":["post-77","page","type-page","status-publish","hentry"],"_links":{"self":[{"href":"https:\/\/retztal-lamas.de\/retztallamas20\/wp-json\/wp\/v2\/pages\/77"}],"collection":[{"href":"https:\/\/retztal-lamas.de\/retztallamas20\/wp-json\/wp\/v2\/pages"}],"about":[{"href":"https:\/\/retztal-lamas.de\/retztallamas20\/wp-json\/wp\/v2\/types\/page"}],"author":[{"embeddable":true,"href":"https:\/\/retztal-lamas.de\/retztallamas20\/wp-json\/wp\/v2\/users\/1"}],"replies":[{"embeddable":true,"href":"https:\/\/retztal-lamas.de\/retztallamas20\/wp-json\/wp\/v2\/comments?post=77"}],"version-history":[{"count":16,"href":"https:\/\/retztal-lamas.de\/retztallamas20\/wp-json\/wp\/v2\/pages\/77\/revisions"}],"predecessor-version":[{"id":1094,"href":"https:\/\/retztal-lamas.de\/retztallamas20\/wp-json\/wp\/v2\/pages\/77\/revisions\/1094"}],"wp:attachment":[{"href":"https:\/\/retztal-lamas.de\/retztallamas20\/wp-json\/wp\/v2\/media?parent=77"}],"curies":[{"name":"wp","href":"https:\/\/api.w.org\/{rel}","templated":true}]}}