{"id":75,"date":"2019-01-24T09:39:32","date_gmt":"2019-01-24T08:39:32","guid":{"rendered":"http:\/\/retztal-lamas.de\/retztallamas20\/?page_id=75"},"modified":"2021-08-21T21:17:21","modified_gmt":"2021-08-21T19:17:21","slug":"team-building-events","status":"publish","type":"page","link":"https:\/\/retztal-lamas.de\/retztallamas20\/team-building-events\/","title":{"rendered":"Was ist tiergest\u00fctzte Therapie?"},"content":{"rendered":"\n<p>Definition nach&nbsp;<a href=\"http:\/\/www.esaat.org\/\" target=\"_blank\" rel=\"noreferrer noopener\">ESAAT<\/a>:<br>\u201eTiergest\u00fctzte Therapie\u201c umfasst bewusst geplante p\u00e4dagogische, psychologische und sozialintegrative Angebote mit Tieren f\u00fcr Kinder, Jugendliche, Erwachsene wie \u00c4ltere mit kognitiven, sozial-emotionalen und motorischen Einschr\u00e4nkungen, Verhaltensst\u00f6rungen und F\u00f6rderschwerpunkten. Sie beinhaltet auch gesundheitsf\u00f6rdernde, pr\u00e4ventive und rehabilitative Ma\u00dfnahmen.<\/p>\n\n\n\n<p>Basis der tiergest\u00fctzten Therapie ist die Beziehungs- und Prozessgestaltung im Beziehungsdreieck Klient \u2013 Tier \u2013 Bezugsperson. Tiergest\u00fctzte Therapie beinhaltet Methoden, bei denen Klienten mit Tieren interagieren, \u00fcber Tiere kommunizieren oder f\u00fcr Tiere t\u00e4tig sind. Die Durchf\u00fchrung erfolgt zielorientiert anhand einer klaren Prozess- und Themenorientierung unter Ber\u00fccksichtigung tierethischer Grunds\u00e4tze mit anschlie\u00dfender Dokumentation und fachlich fundierter Reflexion.<\/p>\n\n\n\n<p>Als Heilpraktikerin f\u00fcr Psychotherapie, Achtsamkeitstrainerin und Kinder- Jugend- Familienberaterin setze ich meine Lamas als Begleiter ein, die Menschen wieder auf einen Weg zu bringen, der ihnen eine Perspektive gibt. Inwieweit wir diesen Weg gemeinsam gehen entscheiden Sie selbst.<\/p>\n","protected":false},"excerpt":{"rendered":"<p>Definition nach&nbsp;ESAAT:\u201eTiergest\u00fctzte Therapie\u201c umfasst bewusst geplante p\u00e4dagogische, psychologische und sozialintegrative Angebote mit Tieren f\u00fcr Kinder, Jugendliche, Erwachsene wie \u00c4ltere mit&hellip;<\/p>\n","protected":false},"author":1,"featured_media":0,"parent":0,"menu_order":0,"comment_status":"closed","ping_status":"closed","template":"","meta":{"footnotes":""},"class_list":["post-75","page","type-page","status-publish","hentry"],"_links":{"self":[{"href":"https:\/\/retztal-lamas.de\/retztallamas20\/wp-json\/wp\/v2\/pages\/75"}],"collection":[{"href":"https:\/\/retztal-lamas.de\/retztallamas20\/wp-json\/wp\/v2\/pages"}],"about":[{"href":"https:\/\/retztal-lamas.de\/retztallamas20\/wp-json\/wp\/v2\/types\/page"}],"author":[{"embeddable":true,"href":"https:\/\/retztal-lamas.de\/retztallamas20\/wp-json\/wp\/v2\/users\/1"}],"replies":[{"embeddable":true,"href":"https:\/\/retztal-lamas.de\/retztallamas20\/wp-json\/wp\/v2\/comments?post=75"}],"version-history":[{"count":3,"href":"https:\/\/retztal-lamas.de\/retztallamas20\/wp-json\/wp\/v2\/pages\/75\/revisions"}],"predecessor-version":[{"id":568,"href":"https:\/\/retztal-lamas.de\/retztallamas20\/wp-json\/wp\/v2\/pages\/75\/revisions\/568"}],"wp:attachment":[{"href":"https:\/\/retztal-lamas.de\/retztallamas20\/wp-json\/wp\/v2\/media?parent=75"}],"curies":[{"name":"wp","href":"https:\/\/api.w.org\/{rel}","templated":true}]}}