{"id":56,"date":"2019-01-24T09:34:34","date_gmt":"2019-01-24T08:34:34","guid":{"rendered":"http:\/\/retztal-lamas.de\/retztallamas20\/?page_id=56"},"modified":"2025-12-30T11:19:08","modified_gmt":"2025-12-30T10:19:08","slug":"tierportraits","status":"publish","type":"page","link":"https:\/\/retztal-lamas.de\/retztallamas20\/tierportraits\/","title":{"rendered":"Unsere Tiere"},"content":{"rendered":"\n<p>Eine gemischte Herde aus drei Stuten und f\u00fcnf Wallachen stellt sich vor<\/p>\n\n\n<div class=\"wp-block-image\">\n<figure class=\"alignleft size-full\"><img loading=\"lazy\" decoding=\"async\" width=\"300\" height=\"300\" src=\"https:\/\/retztal-lamas.de\/retztallamas20\/wp-content\/uploads\/2022\/04\/2022-Sarah-300x300-1.png\" alt=\"\" class=\"wp-image-836\" srcset=\"https:\/\/retztal-lamas.de\/retztallamas20\/wp-content\/uploads\/2022\/04\/2022-Sarah-300x300-1.png 300w, https:\/\/retztal-lamas.de\/retztallamas20\/wp-content\/uploads\/2022\/04\/2022-Sarah-300x300-1-150x150.png 150w\" sizes=\"(max-width: 300px) 100vw, 300px\" \/><\/figure><\/div>\n\n\n<h1 class=\"wp-block-heading\">Sarah \u2013 die Feinf\u00fchlige <\/h1>\n\n\n\n<h2 class=\"wp-block-heading\">geboren am 17.7.2013<\/h2>\n\n\n\n<p>Du m\u00f6chtest mich kennenlernen? Naja, dann schaun wir mal. Ich bin die Sarah. Ganz genaues Abchecken aller Stallbesucher geh\u00f6rt genauso zu meinen Eigenschaften wie die neugierige Begr\u00fc\u00dfung mit meinen gro\u00dfen Kulleraugen. Als sehr sensible Classic-Stute muss ich mich bei einem Ausflug durch die Natur bei den Menschen absolut sicher f\u00fchlen und Vertrauen haben, denn sonst werde ich schnell nerv\u00f6s und angespannt. Ganz typisch f\u00fcr ein Fluchttier kann ich mich schnell mal erschrecken. Ich bin nun mal eine sehr feinf\u00fchlige Lamadame, aber wenn ich mich mal mit meiner menschlichen Begleitung wohl f\u00fchle, werde ich auch entspannter. Dazu brauchst Du ein sicheres Auftreten, das mir vermittelt, dass ich keine Angst zu haben brauche, auch wenn es zwischendurch mal kurz aufregend wird. Eine wunderbare Gelegenheit vom Alltag abzuschalten und sich ganz auf das Hier und Jetzt zu konzentrieren.<\/p>\n\n\n<div class=\"wp-block-image\">\n<figure class=\"alignleft size-full\"><img loading=\"lazy\" decoding=\"async\" width=\"300\" height=\"300\" src=\"https:\/\/retztal-lamas.de\/retztallamas20\/wp-content\/uploads\/2022\/04\/2022-Wilma-300x300-1.png\" alt=\"\" class=\"wp-image-835\" srcset=\"https:\/\/retztal-lamas.de\/retztallamas20\/wp-content\/uploads\/2022\/04\/2022-Wilma-300x300-1.png 300w, https:\/\/retztal-lamas.de\/retztallamas20\/wp-content\/uploads\/2022\/04\/2022-Wilma-300x300-1-150x150.png 150w\" sizes=\"(max-width: 300px) 100vw, 300px\" \/><\/figure><\/div>\n\n\n<h1 class=\"wp-block-heading\">Wilma \u2013 die sanfte Chefin<\/h1>\n\n\n\n<h2 class=\"wp-block-heading\">geboren am 19.5.2013<\/h2>\n\n\n\n<p>Ja gem\u00fctlich und gefr\u00e4\u00dfig, das bin ich, die Wilma! Aber Achtung! Ich bin nicht immer so, denn als Herden-Chefin muss ich den anderen Lamas im Stall und auf der Weide zeigen wo es lang geht. Mein Platz, mein Heu, mein Gras, da kommt so schnell kein anderes Lama ran, denn da kann ich ganz sch\u00f6n garstig werden. Im Kontakt zum Menschen werde ich dann aber ganz sanft und ruhig. Ganz gelassen und entspannt begleite ich Dich beim Spazierengehen und habe auch nichts dagegen, wenn du ab und zu mal meine dicke, kuschlige Wolle ber\u00fchren m\u00f6chtest. Ich garantiere dir Entschleunigung und Entspannung pur, solange du mich und meine Grenzen respektierst, mich nicht \u00e4rgerst und mich nicht allzu weit von meiner Herde trennst. Achja, Kinder haben mich \u00fcbrigens besonders gerne.<\/p>\n\n\n<div class=\"wp-block-image\">\n<figure class=\"alignleft size-full\"><img loading=\"lazy\" decoding=\"async\" width=\"300\" height=\"300\" src=\"https:\/\/retztal-lamas.de\/retztallamas20\/wp-content\/uploads\/2022\/04\/2022-Emma-300x300-1.png\" alt=\"\" class=\"wp-image-834\" srcset=\"https:\/\/retztal-lamas.de\/retztallamas20\/wp-content\/uploads\/2022\/04\/2022-Emma-300x300-1.png 300w, https:\/\/retztal-lamas.de\/retztallamas20\/wp-content\/uploads\/2022\/04\/2022-Emma-300x300-1-150x150.png 150w\" sizes=\"(max-width: 300px) 100vw, 300px\" \/><\/figure><\/div>\n\n\n<h1 class=\"wp-block-heading\">Emma \u2013 die kleine Diva<\/h1>\n\n\n\n<h2 class=\"wp-block-heading\">geboren am 26.11.2011<\/h2>\n\n\n\n<p>Hey ich bin die Emma. Manchmal werde ich auch Diva genannt oder Rennsemmel. Den Menschen f\u00e4llt da immer was anderes ein. Ich bin h\u00fcbsch und besonders flauschig aber daf\u00fcr nicht gerade ein sehr gro\u00dfes Lama. Unter den Lamam\u00e4dels hier am Hof bin ich die \u00c4lteste und grunds\u00e4tzlich mit ruhigem Gem\u00fct. Dennoch: wer gerne etwas flotter spazieren geht, f\u00fcr den bin ich mit meinem schnelleren Schritttempo genau richtig. Eine ideale Partnerin f\u00fcr aktive Menschen. Ohne andere Lamas gehe ich allerdings nirgendwo hin! Nein, da habe ich meinen eigenen Kopf! Auch Hindernisparcours und im Kreis herumlaufen finde ich echt total unattraktiv. Wenn ich dazu keine Lust mehr habe, bleibe ich einfach stehen und Punkt. Damit m\u00fcssen die Menschen eben klar kommen. Ich fordere da einfach eine extra Portion Einf\u00fchlungsverm\u00f6gen und Achtsamkeit. Bleibst Du ganz im Hier und Jetzt, urteilsfrei, aufgeschlossen und freundlich gestimmt, dann kann ich Dich auch gerne am lockeren F\u00fchrstrick durch die Natur begleiten. Und Du wirst sehen, es macht Spa\u00df!<\/p>\n\n\n<div class=\"wp-block-image\">\n<figure class=\"alignleft size-full\"><img loading=\"lazy\" decoding=\"async\" width=\"300\" height=\"300\" src=\"https:\/\/retztal-lamas.de\/retztallamas20\/wp-content\/uploads\/2022\/04\/2022-Lucky-300x300-2.png\" alt=\"\" class=\"wp-image-846\" srcset=\"https:\/\/retztal-lamas.de\/retztallamas20\/wp-content\/uploads\/2022\/04\/2022-Lucky-300x300-2.png 300w, https:\/\/retztal-lamas.de\/retztallamas20\/wp-content\/uploads\/2022\/04\/2022-Lucky-300x300-2-150x150.png 150w\" sizes=\"(max-width: 300px) 100vw, 300px\" \/><\/figure><\/div>\n\n\n<h1 class=\"wp-block-heading\">Lucky \u2013 der Verl\u00e4ssliche<\/h1>\n\n\n\n<h2 class=\"wp-block-heading\">geboren am 1.7.2011<\/h2>\n\n\n\n<p>Hallo ich bin der Lucky,&nbsp; das \u00c4lteste und gleichzeitig auch das routinierteste Tier der Herde. Wie Emma wurde ich 2011 geboren. Mit meiner ruhigen, gelassenen und treuen Art begleite ich die Menschen durch jede Tour. Auch wenn ich meine Chef-Position mittlerweile abgegeben habe, achte ich trotzdem noch stets wach und aufmerksam auf meine Herdenmitglieder. In unsicheren Momenten \u00fcbernehme ich schon auch mal souver\u00e4n die F\u00fchrung. Wenn die sich alle wieder so anstellen und an manchen Stellen der Wanderung keiner nach vorne gehen will. Aber sonst laufe ich eigentlich lieber entspannt am Ende der Karawane. Von der Rasse er bin ich ein Suri-Lama und besitze eine besonders feine und seidige Wolle. Aber wenn man die anfassen will, reagiere ich ein bisschen empfindlich. Mal kurz n bisschen streicheln kann ich ja ab und zu noch verkraften aber dann reicht es mir eigentlich schon. Ich bin \u00fcberhaupt kein Kuscheltyp und das zeige ich dir dann auch. Spazieren gehen ist echt toll aber Du solltest meine Signale erkennen und meine Grenzen akzeptieren, dann klappt es auch mit einem entspannten Miteinander.<\/p>\n\n\n<div class=\"wp-block-image\">\n<figure class=\"alignleft size-full\"><img loading=\"lazy\" decoding=\"async\" width=\"300\" height=\"300\" src=\"https:\/\/retztal-lamas.de\/retztallamas20\/wp-content\/uploads\/2022\/04\/2022-Samson-300x300-1.png\" alt=\"\" class=\"wp-image-832\" srcset=\"https:\/\/retztal-lamas.de\/retztallamas20\/wp-content\/uploads\/2022\/04\/2022-Samson-300x300-1.png 300w, https:\/\/retztal-lamas.de\/retztallamas20\/wp-content\/uploads\/2022\/04\/2022-Samson-300x300-1-150x150.png 150w\" sizes=\"(max-width: 300px) 100vw, 300px\" \/><\/figure><\/div>\n\n\n<h1 class=\"wp-block-heading\">Samson \u2013 der Sch\u00f6ne<\/h1>\n\n\n\n<h2 class=\"wp-block-heading\">geboren am 16.4.2014<\/h2>\n\n\n\n<p>Seht her, da bin ich! Samson der sch\u00f6nste Lama-Wallach im Retztal! Ich bin ein sogenanntes Wooly-Lama mit einem temperamentvollen Charakter. Ich bin sehr lebhaft und zeige mich gerne. Durch meine freudige Erscheinung wird jede Begegnung, egal ob im Stall oder beim Spazierengehen, zu einer&nbsp; unterhaltsamen und sch\u00f6nen Erinnerung. Die Menschen sagen, es macht Spa\u00df mit mir wandern zu gehen. Man sollte halt keine Angst haben vor meinen Freudespr\u00fcngen oder meinem ungeduldigen Hoppeln, wenn es zu einer Fress-Wiese geht. Ich bin sehr flauschig und auch sehr kommunikativ. Durch meine Stellung in der Herde habe ich gelernt, dass ich mich manchmal durchsetzen muss um nicht zu kurz zu kommen. Und ab und zu spiele ich auch mal ein bisschen den Chef, ich mach eben auch ne wirklich gute Figur!<\/p>\n\n\n<div class=\"wp-block-image\">\n<figure class=\"alignleft size-full\"><img loading=\"lazy\" decoding=\"async\" width=\"300\" height=\"300\" src=\"https:\/\/retztal-lamas.de\/retztallamas20\/wp-content\/uploads\/2022\/04\/2022-Fifty-Fifty-300x300-1.png\" alt=\"\" class=\"wp-image-831\" srcset=\"https:\/\/retztal-lamas.de\/retztallamas20\/wp-content\/uploads\/2022\/04\/2022-Fifty-Fifty-300x300-1.png 300w, https:\/\/retztal-lamas.de\/retztallamas20\/wp-content\/uploads\/2022\/04\/2022-Fifty-Fifty-300x300-1-150x150.png 150w\" sizes=\"(max-width: 300px) 100vw, 300px\" \/><\/figure><\/div>\n\n\n<h1 class=\"wp-block-heading\">Fifty-Fifty \u2013 die coole Socke<\/h1>\n\n\n\n<h2 class=\"wp-block-heading\">geboren am 4.9.2015<\/h2>\n\n\n\n<p>Hallo Leute, es begr\u00fc\u00dft Euch das gr\u00f6\u00dfte Lama im Stall. Ich steche vor allem durch mein imposantes und selbstbewusstes Auftreten hervor. Mittlerweile habe ich mich sogar auch auf einen ranghohen Herdenplatz hochgearbeitet, bin dabei aber immer cool und gelassen geblieben. Mit meinem ganz besonderen Wesen geh\u00f6re ich eben einfach hierher. Ich bin aufgeweckt, neugierig, freundlich und vor allem lern- und lauffreudig. Beim Wandern lasse ich mich \u201efast\u201c nicht aus der Ruhe bringen. Naja, au\u00dfer wenn mich die gr\u00fcne Wiese lockt und der saftige Grashalm einfach in mein Maul hinein will. Ich bin leider nicht der Geduldigste und da kann ich dann nicht anders und muss meine Kraft einsetzen. Und jaaa, ich hab verdammt viel Kraft! Wenn Du mich als Wegbegleiter ausw\u00e4hlst, teste ich unterwegs schon mal deine Grenzen aus und kitzle heraus wie viel Selbstbewusstsein auch in Dir steckt. Genau wie bei meinen anderen Lamafreunden ist bei mir Aufmerksamkeit und Achtsamkeit der beste Weg um rechtzeitig reagieren zu k\u00f6nnen. Wirst sehen, eine Wanderung mit mir, dem einzigartigen Fifty-Fifty, wird auch ein einzigartiges Erlebnis f\u00fcr dich sein.<\/p>\n\n\n<div class=\"wp-block-image\">\n<figure class=\"alignleft size-full\"><img loading=\"lazy\" decoding=\"async\" width=\"300\" height=\"300\" src=\"https:\/\/retztal-lamas.de\/retztallamas20\/wp-content\/uploads\/2022\/04\/2022-Otti-300x300-1.png\" alt=\"\" class=\"wp-image-830\" srcset=\"https:\/\/retztal-lamas.de\/retztallamas20\/wp-content\/uploads\/2022\/04\/2022-Otti-300x300-1.png 300w, https:\/\/retztal-lamas.de\/retztallamas20\/wp-content\/uploads\/2022\/04\/2022-Otti-300x300-1-150x150.png 150w\" sizes=\"(max-width: 300px) 100vw, 300px\" \/><\/figure><\/div>\n\n\n<h1 class=\"wp-block-heading\">Otti \u2013 der Aufgeweckte<\/h1>\n\n\n\n<h2 class=\"wp-block-heading\">geboren am 15.11.2020<\/h2>\n\n\n\n<p>Huhuu ich bin\u2019s der Otti! Ich bin das j\u00fcngste Herdenmitglied und nicht nur mein \u00c4u\u00dferes l\u00e4sst an einen wilden Naturburschen erinnern. Mit meinem wildfarbenen Fell sehe ich fast aus wie ein Guanaco, die Wildform der Lamas aus den Anden. Momentan erkunde ich noch munter meine junge Welt. Alles ist so aufregend. Ich bin sehr neugierig aber manchmal, da erschrecke ich mich, wenn mir etwas seltsam vorkommt. Wer also mit mir wandern geht darf sich nicht ablenken lassen. Auch wenn ich die meiste Zeit ganz ruhig neben dir her laufe, kann es passieren, dass ich ganz pl\u00f6tzlich hochh\u00fcpfe und wie ein scheues Reh herumzapple. Ich brauche da noch eine zuverl\u00e4ssige und sichere F\u00fchrung mit Klarheit und Konzentration. Dann k\u00f6nnen wir gemeinsam die Welt erkunden.<\/p>\n\n\n<div class=\"wp-block-image\">\n<figure class=\"alignleft size-full\"><img loading=\"lazy\" decoding=\"async\" width=\"300\" height=\"300\" src=\"https:\/\/retztal-lamas.de\/retztallamas20\/wp-content\/uploads\/2022\/04\/2022-Charly-300x300-2.png\" alt=\"\" class=\"wp-image-844\" srcset=\"https:\/\/retztal-lamas.de\/retztallamas20\/wp-content\/uploads\/2022\/04\/2022-Charly-300x300-2.png 300w, https:\/\/retztal-lamas.de\/retztallamas20\/wp-content\/uploads\/2022\/04\/2022-Charly-300x300-2-150x150.png 150w\" sizes=\"(max-width: 300px) 100vw, 300px\" \/><\/figure><\/div>\n\n\n<h1 class=\"wp-block-heading\">Charly \u2013 der Vorsichtige<\/h1>\n\n\n\n<h2 class=\"wp-block-heading\">geboren am 8.10.2020<\/h2>\n\n\n\n<p>Auch ich, der Charly bin noch ein Jungspund und wie mein Kumpel Otti noch nicht so lange in der Herde im Retztal. Aber ich bin eher ein ruhiges und sanftes Lama. Wie alle jungen Fluchttiere bin ich nat\u00fcrlich immer in \u201eHab Acht Stellung\u201c und beobachte aufmerksam meine Umgebung. Beim Wandern vertraue ich dem Menschen jedoch recht schnell und gehe in einem angenehmen Tempo mit. Alle sagen ich h\u00e4tte so ein angenehmes, freundliches Wesen. Naja, ich bin ja noch am Heranwachsen und muss mich noch entwickeln. Mal sehen ob es gelingt, dass ich all die guten Eigenschaften auch behalten kann.<\/p>\n\n\n\n<p><\/p>\n\n\n\n<figure class=\"wp-block-image size-large is-resized\"><img loading=\"lazy\" decoding=\"async\" width=\"768\" height=\"1024\" src=\"https:\/\/retztal-lamas.de\/retztallamas20\/wp-content\/uploads\/2025\/12\/IMG_2221-768x1024.jpeg\" alt=\"\" class=\"wp-image-1214\" style=\"width:303px;height:auto\" srcset=\"https:\/\/retztal-lamas.de\/retztallamas20\/wp-content\/uploads\/2025\/12\/IMG_2221-768x1024.jpeg 768w, https:\/\/retztal-lamas.de\/retztallamas20\/wp-content\/uploads\/2025\/12\/IMG_2221-225x300.jpeg 225w, https:\/\/retztal-lamas.de\/retztallamas20\/wp-content\/uploads\/2025\/12\/IMG_2221-1152x1536.jpeg 1152w, https:\/\/retztal-lamas.de\/retztallamas20\/wp-content\/uploads\/2025\/12\/IMG_2221-1536x2048.jpeg 1536w, https:\/\/retztal-lamas.de\/retztallamas20\/wp-content\/uploads\/2025\/12\/IMG_2221-1600x2133.jpeg 1600w, https:\/\/retztal-lamas.de\/retztallamas20\/wp-content\/uploads\/2025\/12\/IMG_2221-scaled.jpeg 1920w\" sizes=\"(max-width: 768px) 100vw, 768px\" \/><\/figure>\n\n\n\n<p><strong>Ludger (lustig) &#8211; Klein aber Oho<\/strong><\/p>\n\n\n\n<p><\/p>\n\n\n\n<figure class=\"wp-block-image size-large is-resized\"><img loading=\"lazy\" decoding=\"async\" width=\"768\" height=\"1024\" src=\"https:\/\/retztal-lamas.de\/retztallamas20\/wp-content\/uploads\/2025\/12\/IMG_2347-768x1024.jpeg\" alt=\"\" class=\"wp-image-1215\" style=\"width:300px;height:auto\" srcset=\"https:\/\/retztal-lamas.de\/retztallamas20\/wp-content\/uploads\/2025\/12\/IMG_2347-768x1024.jpeg 768w, https:\/\/retztal-lamas.de\/retztallamas20\/wp-content\/uploads\/2025\/12\/IMG_2347-225x300.jpeg 225w, https:\/\/retztal-lamas.de\/retztallamas20\/wp-content\/uploads\/2025\/12\/IMG_2347-1152x1536.jpeg 1152w, https:\/\/retztal-lamas.de\/retztallamas20\/wp-content\/uploads\/2025\/12\/IMG_2347-1536x2048.jpeg 1536w, https:\/\/retztal-lamas.de\/retztallamas20\/wp-content\/uploads\/2025\/12\/IMG_2347-1600x2133.jpeg 1600w, https:\/\/retztal-lamas.de\/retztallamas20\/wp-content\/uploads\/2025\/12\/IMG_2347-scaled.jpeg 1920w\" sizes=\"(max-width: 768px) 100vw, 768px\" \/><\/figure>\n\n\n\n<p><strong>Yago &#8211; kleiner Wirbelwind<\/strong><\/p>\n\n\n<div class=\"wp-block-image\">\n<figure class=\"alignleft size-full\"><img loading=\"lazy\" decoding=\"async\" width=\"300\" height=\"300\" src=\"https:\/\/retztal-lamas.de\/retztallamas20\/wp-content\/uploads\/2022\/04\/2022-Hofkatze-Minnie-300x300-3.png\" alt=\"\" class=\"wp-image-826\" srcset=\"https:\/\/retztal-lamas.de\/retztallamas20\/wp-content\/uploads\/2022\/04\/2022-Hofkatze-Minnie-300x300-3.png 300w, https:\/\/retztal-lamas.de\/retztallamas20\/wp-content\/uploads\/2022\/04\/2022-Hofkatze-Minnie-300x300-3-150x150.png 150w\" sizes=\"(max-width: 300px) 100vw, 300px\" \/><\/figure><\/div>\n\n\n<h1 class=\"wp-block-heading\">Hofkatze Minnie<\/h1>\n\n\n\n<p>Minnie darf nicht vergessen werden. Sie ist zwar kein Teil der Lamaherde, aber wichtiger, fester Bestandteil des Hofes. Sie wird auch als Therapiekatze eingesetzt. Sie genie\u00dft ihre Freiheit aber liebt es Streicheleinheiten zu erhalten. Sie ist der perfekte Ausgleich zu den Lamas, die ja vom Wesen her nicht so gerne kuscheln und angefasst werden wollen. Minnie dankt es uns aber mit wohlwollendem Schnurren.<\/p>\n","protected":false},"excerpt":{"rendered":"<p>Eine gemischte Herde aus drei Stuten und f\u00fcnf Wallachen stellt sich vor Sarah \u2013 die Feinf\u00fchlige geboren am 17.7.2013 Du&hellip;<\/p>\n","protected":false},"author":1,"featured_media":0,"parent":0,"menu_order":0,"comment_status":"closed","ping_status":"closed","template":"","meta":{"footnotes":""},"class_list":["post-56","page","type-page","status-publish","hentry"],"_links":{"self":[{"href":"https:\/\/retztal-lamas.de\/retztallamas20\/wp-json\/wp\/v2\/pages\/56"}],"collection":[{"href":"https:\/\/retztal-lamas.de\/retztallamas20\/wp-json\/wp\/v2\/pages"}],"about":[{"href":"https:\/\/retztal-lamas.de\/retztallamas20\/wp-json\/wp\/v2\/types\/page"}],"author":[{"embeddable":true,"href":"https:\/\/retztal-lamas.de\/retztallamas20\/wp-json\/wp\/v2\/users\/1"}],"replies":[{"embeddable":true,"href":"https:\/\/retztal-lamas.de\/retztallamas20\/wp-json\/wp\/v2\/comments?post=56"}],"version-history":[{"count":24,"href":"https:\/\/retztal-lamas.de\/retztallamas20\/wp-json\/wp\/v2\/pages\/56\/revisions"}],"predecessor-version":[{"id":1216,"href":"https:\/\/retztal-lamas.de\/retztallamas20\/wp-json\/wp\/v2\/pages\/56\/revisions\/1216"}],"wp:attachment":[{"href":"https:\/\/retztal-lamas.de\/retztallamas20\/wp-json\/wp\/v2\/media?parent=56"}],"curies":[{"name":"wp","href":"https:\/\/api.w.org\/{rel}","templated":true}]}}