{"id":551,"date":"2021-08-19T20:26:32","date_gmt":"2021-08-19T18:26:32","guid":{"rendered":"https:\/\/retztal-lamas.de\/retztallamas20\/?page_id=551"},"modified":"2022-07-22T10:40:46","modified_gmt":"2022-07-22T08:40:46","slug":"gruppenwanderungen-2","status":"publish","type":"page","link":"https:\/\/retztal-lamas.de\/retztallamas20\/gruppenwanderungen-2\/","title":{"rendered":"Gruppenwanderung"},"content":{"rendered":"\n<p>Gerne k\u00f6nnen auch geschlossene Gruppen und Teams f\u00fcr sich ein Lamaerlebnis buchen. F\u00fcr die Wanderungen gelten folgende Preise:<\/p>\n\n\n\n<p>Bei zwei Stunden inklusive Einweisung\/Begr\u00fc\u00dfung<\/p>\n\n\n\n<p><strong><a rel=\"noreferrer noopener\" href=\"https:\/\/retztal-lamas.de\/retztallamas20\/preisliste\/\" data-type=\"page\" data-id=\"1075\" target=\"_blank\">Preisliste<\/a><\/strong><\/p>\n\n\n\n<p>Die maximale Gruppengr\u00f6\u00dfe f\u00fcr die Wanderung sind 10 &#8211; 12 Personen.<\/p>\n\n\n\n<p>Bei gr\u00f6\u00dferen Gruppen\/Teams biete ich an, das Event mit einem (mitgebrachten) Picknick auf unserem Hof zu verbinden, w\u00e4hrend ein Teil der Gruppe wandert, kann der andere Teil auf dem Hof verweilen, dann wird getauscht. Einf\u00fchrung und Abschluss finden gemeinsam statt. Der Preis hierf\u00fcr ist 40 Euro pro Person. <\/p>\n\n\n<div class=\"wp-block-image\">\n<figure class=\"aligncenter size-large\"><img loading=\"lazy\" decoding=\"async\" width=\"1024\" height=\"344\" src=\"https:\/\/retztal-lamas.de\/retztallamas20\/wp-content\/uploads\/2022\/04\/Gruppe1-1-1024x344.jpg\" alt=\"\" class=\"wp-image-951\" srcset=\"https:\/\/retztal-lamas.de\/retztallamas20\/wp-content\/uploads\/2022\/04\/Gruppe1-1-1024x344.jpg 1024w, https:\/\/retztal-lamas.de\/retztallamas20\/wp-content\/uploads\/2022\/04\/Gruppe1-1-300x101.jpg 300w, https:\/\/retztal-lamas.de\/retztallamas20\/wp-content\/uploads\/2022\/04\/Gruppe1-1-768x258.jpg 768w, https:\/\/retztal-lamas.de\/retztallamas20\/wp-content\/uploads\/2022\/04\/Gruppe1-1-1536x516.jpg 1536w, https:\/\/retztal-lamas.de\/retztallamas20\/wp-content\/uploads\/2022\/04\/Gruppe1-1-2048x688.jpg 2048w, https:\/\/retztal-lamas.de\/retztallamas20\/wp-content\/uploads\/2022\/04\/Gruppe1-1-1600x538.jpg 1600w\" sizes=\"(max-width: 1024px) 100vw, 1024px\" \/><\/figure><\/div>\n\n<div class=\"wp-block-image\">\n<figure class=\"aligncenter size-large is-resized\"><img loading=\"lazy\" decoding=\"async\" src=\"https:\/\/retztal-lamas.de\/retztallamas20\/wp-content\/uploads\/2022\/04\/IMG_4388-1-768x1024.jpg\" alt=\"\" class=\"wp-image-952\" width=\"300\" height=\"300\"\/><\/figure><\/div>\n\n<div class=\"wp-block-image\">\n<figure class=\"aligncenter size-large is-resized\"><img decoding=\"async\" src=\"https:\/\/retztal-lamas.de\/retztallamas20\/wp-content\/uploads\/2022\/04\/IMG_9714-1-1024x768.jpg\" alt=\"\" class=\"wp-image-953\" width=\"300\" srcset=\"https:\/\/retztal-lamas.de\/retztallamas20\/wp-content\/uploads\/2022\/04\/IMG_9714-1-1024x768.jpg 1024w, https:\/\/retztal-lamas.de\/retztallamas20\/wp-content\/uploads\/2022\/04\/IMG_9714-1-300x225.jpg 300w, https:\/\/retztal-lamas.de\/retztallamas20\/wp-content\/uploads\/2022\/04\/IMG_9714-1-768x576.jpg 768w, https:\/\/retztal-lamas.de\/retztallamas20\/wp-content\/uploads\/2022\/04\/IMG_9714-1-1536x1152.jpg 1536w, https:\/\/retztal-lamas.de\/retztallamas20\/wp-content\/uploads\/2022\/04\/IMG_9714-1-2048x1536.jpg 2048w, https:\/\/retztal-lamas.de\/retztallamas20\/wp-content\/uploads\/2022\/04\/IMG_9714-1-1600x1200.jpg 1600w\" sizes=\"(max-width: 1024px) 100vw, 1024px\" \/><\/figure><\/div>","protected":false},"excerpt":{"rendered":"<p>Gerne k\u00f6nnen auch geschlossene Gruppen und Teams f\u00fcr sich ein Lamaerlebnis buchen. F\u00fcr die Wanderungen gelten folgende Preise: Bei zwei&hellip;<\/p>\n","protected":false},"author":1,"featured_media":48,"parent":0,"menu_order":0,"comment_status":"closed","ping_status":"closed","template":"","meta":{"footnotes":""},"class_list":["post-551","page","type-page","status-publish","has-post-thumbnail","hentry"],"_links":{"self":[{"href":"https:\/\/retztal-lamas.de\/retztallamas20\/wp-json\/wp\/v2\/pages\/551"}],"collection":[{"href":"https:\/\/retztal-lamas.de\/retztallamas20\/wp-json\/wp\/v2\/pages"}],"about":[{"href":"https:\/\/retztal-lamas.de\/retztallamas20\/wp-json\/wp\/v2\/types\/page"}],"author":[{"embeddable":true,"href":"https:\/\/retztal-lamas.de\/retztallamas20\/wp-json\/wp\/v2\/users\/1"}],"replies":[{"embeddable":true,"href":"https:\/\/retztal-lamas.de\/retztallamas20\/wp-json\/wp\/v2\/comments?post=551"}],"version-history":[{"count":13,"href":"https:\/\/retztal-lamas.de\/retztallamas20\/wp-json\/wp\/v2\/pages\/551\/revisions"}],"predecessor-version":[{"id":1108,"href":"https:\/\/retztal-lamas.de\/retztallamas20\/wp-json\/wp\/v2\/pages\/551\/revisions\/1108"}],"wp:featuredmedia":[{"embeddable":true,"href":"https:\/\/retztal-lamas.de\/retztallamas20\/wp-json\/wp\/v2\/media\/48"}],"wp:attachment":[{"href":"https:\/\/retztal-lamas.de\/retztallamas20\/wp-json\/wp\/v2\/media?parent=551"}],"curies":[{"name":"wp","href":"https:\/\/api.w.org\/{rel}","templated":true}]}}