{"id":501,"date":"2021-06-30T23:44:59","date_gmt":"2021-06-30T21:44:59","guid":{"rendered":"https:\/\/retztal-lamas.de\/retztallamas20\/?page_id=501"},"modified":"2022-05-05T18:11:22","modified_gmt":"2022-05-05T16:11:22","slug":"tierpatenschaften","status":"publish","type":"page","link":"https:\/\/retztal-lamas.de\/retztallamas20\/tierpatenschaften\/","title":{"rendered":"Tierpatenschaften"},"content":{"rendered":"\n<p>Eine Tierpatenschaft kostet 250 Euro und ist f\u00fcr ein halbes Jahr g\u00fcltig. In dieser Zeit kann der Pate sein Tier besuchen und an drei gef\u00fchrten Wanderungen teilnehmen. Weitere Wanderungen k\u00f6nnen zu einem verg\u00fcnstigten Preis gebucht werden.<\/p>\n","protected":false},"excerpt":{"rendered":"<p>Eine Tierpatenschaft kostet 250 Euro und ist f\u00fcr ein halbes Jahr g\u00fcltig. In dieser Zeit kann der Pate sein Tier&hellip;<\/p>\n","protected":false},"author":1,"featured_media":0,"parent":0,"menu_order":0,"comment_status":"closed","ping_status":"closed","template":"","meta":{"footnotes":""},"class_list":["post-501","page","type-page","status-publish","hentry"],"_links":{"self":[{"href":"https:\/\/retztal-lamas.de\/retztallamas20\/wp-json\/wp\/v2\/pages\/501"}],"collection":[{"href":"https:\/\/retztal-lamas.de\/retztallamas20\/wp-json\/wp\/v2\/pages"}],"about":[{"href":"https:\/\/retztal-lamas.de\/retztallamas20\/wp-json\/wp\/v2\/types\/page"}],"author":[{"embeddable":true,"href":"https:\/\/retztal-lamas.de\/retztallamas20\/wp-json\/wp\/v2\/users\/1"}],"replies":[{"embeddable":true,"href":"https:\/\/retztal-lamas.de\/retztallamas20\/wp-json\/wp\/v2\/comments?post=501"}],"version-history":[{"count":3,"href":"https:\/\/retztal-lamas.de\/retztallamas20\/wp-json\/wp\/v2\/pages\/501\/revisions"}],"predecessor-version":[{"id":1014,"href":"https:\/\/retztal-lamas.de\/retztallamas20\/wp-json\/wp\/v2\/pages\/501\/revisions\/1014"}],"wp:attachment":[{"href":"https:\/\/retztal-lamas.de\/retztallamas20\/wp-json\/wp\/v2\/media?parent=501"}],"curies":[{"name":"wp","href":"https:\/\/api.w.org\/{rel}","templated":true}]}}