{"id":493,"date":"2021-06-30T23:40:59","date_gmt":"2021-06-30T21:40:59","guid":{"rendered":"https:\/\/retztal-lamas.de\/retztallamas20\/?page_id=493"},"modified":"2024-12-11T15:39:33","modified_gmt":"2024-12-11T14:39:33","slug":"termine","status":"publish","type":"page","link":"https:\/\/retztal-lamas.de\/retztallamas20\/termine\/","title":{"rendered":"Termine"},"content":{"rendered":"\n<p>Termine kannst Du momentan individuell mit mir per E-Mail\/Kontaktformular oder telefonisch absprechen. Ich verzichte aus verschiedenen Gr\u00fcnden auf ein Buchungssystem. Einer davon ist, dass ich im pers\u00f6nlichen Kontakt besser herausfinden kann, ob Du zu einer Gruppe passt oder ob wir lieber einen Einzeltermin ausmachen. An h\u00f6chster Stelle steht f\u00fcr mich das Wohl der Menschen und der Tiere, deshalb liegt es mir fern Termine ohne pers\u00f6nlichen Kontakt auszumachen, denn dann wei\u00df ich ja gar nicht, wer da \u00fcberhaupt mich und meine Lamas besuchen kommt.<\/p>\n\n\n\n<p>Neben meiner Arbeit auf dem Hof mit den Lamas habe ich noch einen Angestelltenjob und kann leider nicht 24 Stunden verf\u00fcgbar sein. Und da ich weder eine Sekret\u00e4rin habe noch den ganzen Tag erreichbar bin, bevorzuge ich den schriftlichen Kontakt und etwas Geduld. Es empfiehlt sich, im Voraus zu buchen. Kurzfristig gibt es zwar immer mal freie Pl\u00e4tze aber gerade die Wochenenden sind meist schon 4 bis 6 Wochen im Voraus bereits voll ausgebucht.<\/p>\n\n\n\n<p><\/p>\n","protected":false},"excerpt":{"rendered":"<p>Termine kannst Du momentan individuell mit mir per E-Mail\/Kontaktformular oder telefonisch absprechen. Ich verzichte aus verschiedenen Gr\u00fcnden auf ein Buchungssystem.&hellip;<\/p>\n","protected":false},"author":1,"featured_media":0,"parent":0,"menu_order":0,"comment_status":"closed","ping_status":"closed","template":"","meta":{"footnotes":""},"class_list":["post-493","page","type-page","status-publish","hentry"],"_links":{"self":[{"href":"https:\/\/retztal-lamas.de\/retztallamas20\/wp-json\/wp\/v2\/pages\/493"}],"collection":[{"href":"https:\/\/retztal-lamas.de\/retztallamas20\/wp-json\/wp\/v2\/pages"}],"about":[{"href":"https:\/\/retztal-lamas.de\/retztallamas20\/wp-json\/wp\/v2\/types\/page"}],"author":[{"embeddable":true,"href":"https:\/\/retztal-lamas.de\/retztallamas20\/wp-json\/wp\/v2\/users\/1"}],"replies":[{"embeddable":true,"href":"https:\/\/retztal-lamas.de\/retztallamas20\/wp-json\/wp\/v2\/comments?post=493"}],"version-history":[{"count":6,"href":"https:\/\/retztal-lamas.de\/retztallamas20\/wp-json\/wp\/v2\/pages\/493\/revisions"}],"predecessor-version":[{"id":1211,"href":"https:\/\/retztal-lamas.de\/retztallamas20\/wp-json\/wp\/v2\/pages\/493\/revisions\/1211"}],"wp:attachment":[{"href":"https:\/\/retztal-lamas.de\/retztallamas20\/wp-json\/wp\/v2\/media?parent=493"}],"curies":[{"name":"wp","href":"https:\/\/api.w.org\/{rel}","templated":true}]}}