{"id":461,"date":"2021-06-23T17:26:18","date_gmt":"2021-06-23T15:26:18","guid":{"rendered":"https:\/\/retztal-lamas.de\/retztallamas20\/?page_id=461"},"modified":"2024-12-11T15:35:04","modified_gmt":"2024-12-11T14:35:04","slug":"aktuelles","status":"publish","type":"page","link":"https:\/\/retztal-lamas.de\/retztallamas20\/aktuelles\/","title":{"rendered":"Aktuelles"},"content":{"rendered":"\n<p><\/p>\n\n\n\n<p><strong>Aktionen vor Weihnachten 2024<\/strong><\/p>\n\n\n\n<p>Bei uns ist in letzter Zeit viel passiert und wir mussten uns ein bisschen zur\u00fcck ziehen. Dennoch sind wir f\u00fcr Euch da und starten auch im n\u00e4chsten Jahr wieder richtig durch.<\/p>\n\n\n\n<p>Vor Weihnachten haben wir noch folgende Aktionen:<\/p>\n\n\n\n<p>=> Gl\u00fchweinwanderung am Sonntag, den 15.12. um 13 Uhr<\/p>\n\n\n\n<p>=> Kinder Foto-Aktion am Freitag, den 19.12. von 12 bis 15 Uhr<\/p>\n\n\n\n<p><\/p>\n\n\n\n<p><\/p>\n\n\n\n<figure class=\"wp-block-gallery has-nested-images columns-default is-cropped wp-block-gallery-1 is-layout-flex wp-block-gallery-is-layout-flex\">\n<figure class=\"wp-block-image size-large\"><img loading=\"lazy\" decoding=\"async\" width=\"1024\" height=\"768\" data-id=\"1209\" src=\"https:\/\/retztal-lamas.de\/retztallamas20\/wp-content\/uploads\/2024\/12\/856B57E6-7B96-49EB-892B-3DDC57C774D0-1024x768.jpeg\" alt=\"\" class=\"wp-image-1209\" srcset=\"https:\/\/retztal-lamas.de\/retztallamas20\/wp-content\/uploads\/2024\/12\/856B57E6-7B96-49EB-892B-3DDC57C774D0-1024x768.jpeg 1024w, https:\/\/retztal-lamas.de\/retztallamas20\/wp-content\/uploads\/2024\/12\/856B57E6-7B96-49EB-892B-3DDC57C774D0-300x225.jpeg 300w, https:\/\/retztal-lamas.de\/retztallamas20\/wp-content\/uploads\/2024\/12\/856B57E6-7B96-49EB-892B-3DDC57C774D0-768x576.jpeg 768w, https:\/\/retztal-lamas.de\/retztallamas20\/wp-content\/uploads\/2024\/12\/856B57E6-7B96-49EB-892B-3DDC57C774D0-1536x1152.jpeg 1536w, https:\/\/retztal-lamas.de\/retztallamas20\/wp-content\/uploads\/2024\/12\/856B57E6-7B96-49EB-892B-3DDC57C774D0-2048x1536.jpeg 2048w, https:\/\/retztal-lamas.de\/retztallamas20\/wp-content\/uploads\/2024\/12\/856B57E6-7B96-49EB-892B-3DDC57C774D0-1600x1200.jpeg 1600w\" sizes=\"(max-width: 1024px) 100vw, 1024px\" \/><\/figure>\n<\/figure>\n\n\n\n<p><\/p>\n\n\n\n<p><strong>Ein Wort zu meinen Preisen und den Gutscheinen:<\/strong><\/p>\n\n\n\n<p>Auch wir sp\u00fcren deutlich den Preisanstieg in allen Bereichen. Ich bin daher gezwungen meine Preise anzupassen, Bei sozialen Einrichtungen oder in besonderen Einzelf\u00e4llen lasse ich jedoch gerne mit mir verhandeln.<\/p>\n\n\n\n<p>Durch die Pandemie war ich darauf angewiesen sehr viele Gutscheine zu verkaufen. Bei \u00e4lteren Gutscheinen erlaube ich mir die Differenz zum aktuellen Preis zu berechnen.<\/p>\n\n\n\n<p>Ich bin Einzelunternehmerin im Nebengewerbe und meine Zeit ist begrenzt. Ich schaffe es maximal ein bis zweimal am Tag zu wandern, bitte haben Sie Verst\u00e4ndnis daf\u00fcr, dass ich Termine nicht unbegrenzt anbieten kann. Ich gebe mein Bestes Ihnen allen entgegen zu kommen, jedoch steht das Wohl meiner Tiere an oberster Stelle und auch ein gewisses Ma\u00df an Selbstf\u00fcrsorge versuche ich einzuhalten. <\/p>\n\n\n\n<h2 class=\"wp-block-heading\">Mydays und Jochen Schweizer<\/h2>\n\n\n\n<p>Gutscheine von Mydays und Jochen Schweizer k\u00f6nnen nur von Montag bis Donnerstag eingel\u00f6st werden. Die Termine sind leider sehr begrenzt.<\/p>\n\n\n\n<p><strong>Ein Wort zur Teilnahme von Kindern<\/strong> <strong>bei unseren Wanderungen:<\/strong><\/p>\n\n\n\n<p>Wir empfehlen ein Mindestalter von 8\/9 Jahren. J\u00fcngere Kinder k\u00f6nnen meistens das spezielle Verhalten der Lamas (nicht angefasst werden wollen\/Distanztiere) nicht nachvollziehen und sind entt\u00e4uscht, wenn sie die Tiere nicht knuddeln d\u00fcrfen. Au\u00dferdem sind Lamas sehr sensible Tiere und in ihrer Gegenwart m\u00fcssen wir Menschen ruhig und leise sein. Lauter Kinderl\u00e4rm und Schreien stresst die Tiere sehr. Da somit leider weder die Kleinkinder, noch die Tiere, Genuss an dem Event empfinden, haben wir uns dazu entschlossen f\u00fcr die Wanderungen ein Mindestalter von 8\/9 Jahren zu empfehlen. Im Moment \u00fcberlege ich mir, evtl eine Hoff\u00fchrung f\u00fcr Familien mit kleineren Kindern anzubieten. <\/p>\n\n\n\n<p>Wir bitten um Euer Verst\u00e4ndnis!<\/p>\n","protected":false},"excerpt":{"rendered":"<p>Aktionen vor Weihnachten 2024 Bei uns ist in letzter Zeit viel passiert und wir mussten uns ein bisschen zur\u00fcck ziehen.&hellip;<\/p>\n","protected":false},"author":1,"featured_media":0,"parent":0,"menu_order":0,"comment_status":"closed","ping_status":"closed","template":"","meta":{"footnotes":""},"class_list":["post-461","page","type-page","status-publish","hentry"],"_links":{"self":[{"href":"https:\/\/retztal-lamas.de\/retztallamas20\/wp-json\/wp\/v2\/pages\/461"}],"collection":[{"href":"https:\/\/retztal-lamas.de\/retztallamas20\/wp-json\/wp\/v2\/pages"}],"about":[{"href":"https:\/\/retztal-lamas.de\/retztallamas20\/wp-json\/wp\/v2\/types\/page"}],"author":[{"embeddable":true,"href":"https:\/\/retztal-lamas.de\/retztallamas20\/wp-json\/wp\/v2\/users\/1"}],"replies":[{"embeddable":true,"href":"https:\/\/retztal-lamas.de\/retztallamas20\/wp-json\/wp\/v2\/comments?post=461"}],"version-history":[{"count":14,"href":"https:\/\/retztal-lamas.de\/retztallamas20\/wp-json\/wp\/v2\/pages\/461\/revisions"}],"predecessor-version":[{"id":1210,"href":"https:\/\/retztal-lamas.de\/retztallamas20\/wp-json\/wp\/v2\/pages\/461\/revisions\/1210"}],"wp:attachment":[{"href":"https:\/\/retztal-lamas.de\/retztallamas20\/wp-json\/wp\/v2\/media?parent=461"}],"curies":[{"name":"wp","href":"https:\/\/api.w.org\/{rel}","templated":true}]}}