{"id":35,"date":"2018-12-19T20:34:32","date_gmt":"2018-12-19T19:34:32","guid":{"rendered":"http:\/\/retztal-lamas.de\/retztallamas20\/?page_id=35"},"modified":"2022-06-30T10:09:27","modified_gmt":"2022-06-30T08:09:27","slug":"wichtige-informationen","status":"publish","type":"page","link":"https:\/\/retztal-lamas.de\/retztallamas20\/wichtige-informationen\/","title":{"rendered":"Wichtige Informationen"},"content":{"rendered":"\n<h2 class=\"wp-block-heading\">Checkliste f\u00fcr Lamawanderungen<\/h2>\n\n\n\n<ul class=\"wp-block-list\"><li>Komm bitte fr\u00fchestens 10 Minuten vor Veranstaltungsbeginn auf den Hof <\/li><li>Parken kannst Du auf der Wiese neben dem Hof am Fu\u00dfe des Weinbergs<\/li><li>die Wanderung findet bei jedem Wetter statt (au\u00dfer bei Gewitter\/ Starkregen\/Unwetter\/Hitze \u00fcber 30 Grad)\u00a0bei unklarer Lage sprechen wir uns ab<\/li><li>bitte trage passende Kleidung (Regenkleidung, M\u00fctze\/Kappe, Sonnenschutz)<\/li><li>Regenschirme sind aufgrund der Verletzungsgefahr nicht erlaubt<\/li><li>wichtig sind feste geschlossene Schuhe (keine Sandalen, HighHeels, Pumps, FlipFlops, Ballerinas o.\u00e4.)<\/li><li>Denke an Sonnen-und Insektenschutz. (Wir empfehlen lange Hosen)<\/li><li>Bitte keine Handtaschen mit auf die Wanderung nehmen. Mit einem Rucksack sind beide H\u00e4nde f\u00fcr die Tiere frei<\/li><li>Kinderwagen sind bei unseren Wanderungen nicht geeignet, Rollstuhl nach Absprache auf k\u00fcrzeren darauf angelegten Spazierg\u00e4ngen<\/li><li>Hunde k\u00f6nnen uns leider nicht begleiten<\/li><li>Bitte keine Leckerlies (wie z.B. \u00c4pfel, Karotten) f\u00fcr die Tiere mitbringen<\/li><li>Kinder bis 12\/13 Jahre f\u00fchren ein Tier zusammen mit einem Erwachsenen (wir entscheiden individuell vor Ort, ob das Kind mit 12 oder 13 Jahren in der Lage ist alleine ein Lama zu f\u00fchren oder nicht \u2013 Sicherheit geht immer vor!)<\/li><li>Jede Wanderung beinhaltet die Einf\u00fchrung am Hof, die Vorbereitung und Nachbereitung der Lamas<\/li><li>Teilnahme unter 18 Jahren nur in Begleitung eines Erziehungsberechtigten<\/li><li>Pro Tier sind maximal 2 Begleitpersonen erlaubt (entweder 2 Erwachsene oder ein Erwachsener mit einem Kind)<\/li><\/ul>\n\n\n\n<h2 class=\"wp-block-heading\">Wie gestaltet sich so eine Lamawanderung?<\/h2>\n\n\n\n<p>Es gibt mittlerweile viele Anbieter von Lama- und Alpakawanderungen.<\/p>\n\n\n\n<p>Jeder gestaltet diese Events anders. Und jeder hat andere Gegebenheiten vor Ort.<\/p>\n\n\n\n<p>In den letzten Jahren habe ich nicht nur durch meine Ausbildungen, sondern auch durch die Erfahrung Einiges gelernt und mir &#8211; zur Sicherheit von Mensch und Tier &#8211; Standards gesetzt.<\/p>\n\n\n\n<p>Meines Erachtens ist es f\u00fcr solch sensible Tiere wie es die Neuweltkameliden sind, auf keinen Fall angenehm, wenn die Anzahl der Menschen auf so einer Wanderung die Zahl der Tiere bei weitem \u00fcberschreitet. Optimal ist eine Person pro Tier, dann kann die Wanderung in Ruhe ablaufen und die Lamas sind weniger gestresst. Deshalb nehme ich bei 8 Lamas am liebsten 8 Personen, allerh\u00f6chstens 10, und nur in Ausnahmef\u00e4llen 12 Personen mit. Dann jedoch brauche ich einen Helfer oder eine Helferin, die sich auskennt und die Wanderung mit mir zusammen begleitet. (Den Luxus von Mitarbeitern kann ich mir leider nicht leisten, deshalb kann ich gro\u00dfe Gruppen nur annehmen, wenn mich freiwillige Helfer oder Praktikanten unterst\u00fctzen). Bei gr\u00f6\u00dferen Gruppen ist es mir au\u00dferdem wichtig, darauf zu achten, dass Menschen die gerade kein Lama f\u00fchren vor der Gruppe laufen. Als Fluchttiere macht es die Lamas nerv\u00f6s, wenn sich hinter ihnen st\u00e4ndig was bewegt.<\/p>\n\n\n\n<p>Bei jeder meiner Wanderungen achte ich darauf, dass die meisten der Fragen die verst\u00e4ndlicherweise auftauchen, VOR der Wanderung beantwortet werden. Genau daf\u00fcr mache ich eine ausf\u00fchrliche Einf\u00fchrung, damit ich mich unterwegs auf die Tiere konzentrieren kann.<\/p>\n\n\n\n<p>Meine Wanderrouten sind hier im Retztal nicht mit breiten geteerten Wegen ausgestattet. Wir sind sehr viel auf schmalen Trampelpfaden, Waldwegen, Wiesenwegen, Schotterpisten, manchmal Weinbergszeilen und vor allem sehr vielen Steigungen unterwegs. Das macht das Erlebnis in der Natur besonders einzigartig und abwechslungsreich, erfordert aber vom Lamaf\u00fchrer auch noch einmal eine extra Portion besondere Aufmerksamkeit. F\u00fcr eine gro\u00dfe Personengruppe ist hier ein Nebeneinanderlaufen meist nicht m\u00f6glich. (Bei anderen Anbietern mag das anders sein).<\/p>\n\n\n\n<p>Wer also mit den Retztal Lamas dieses besondere Naturerlebnis genie\u00dfen m\u00f6chte, darf sich darauf einstellen, dass wir hier achtsam, in Ruhe und mit dem Fokus auf unsere Wahrnehmung im Einklang mit der Natur und dem Tier ein paar wertvolle Stunden verbringen.<\/p>\n\n\n\n<p><strong>Was ist mit Kindern?<\/strong><\/p>\n\n\n\n<p>Wir empfehlen ein Mindestalter von 8\/9 Jahren. J\u00fcngere Kinder k\u00f6nnen meistens das spezielle Verhalten der Lamas (nicht angefasst werden wollen\/Distanztiere) nicht nachvollziehen und sind entt\u00e4uscht, wenn sie die Tiere nicht knuddeln d\u00fcrfen. Au\u00dferdem sind Lamas sehr sensible Tiere und in ihrer Gegenwart m\u00fcssen wir Menschen ruhig und leise sein. Lauter Kinderl\u00e4rm und Schreien stresst die Tiere sehr. Da somit leider weder die Kleinkinder, noch die Tiere, Genuss an dem Event empfinden, haben wir uns dazu entschlossen ein Mindestalter von 8\/9 Jahren zu empfehlen.<\/p>\n\n\n\n<p>Wir bitte um Euer Verst\u00e4ndnis!<\/p>\n\n\n\n<p><\/p>\n","protected":false},"excerpt":{"rendered":"<p>Checkliste f\u00fcr Lamawanderungen Komm bitte fr\u00fchestens 10 Minuten vor Veranstaltungsbeginn auf den Hof Parken kannst Du auf der Wiese neben&hellip;<\/p>\n","protected":false},"author":1,"featured_media":0,"parent":0,"menu_order":0,"comment_status":"closed","ping_status":"closed","template":"","meta":{"footnotes":""},"class_list":["post-35","page","type-page","status-publish","hentry"],"_links":{"self":[{"href":"https:\/\/retztal-lamas.de\/retztallamas20\/wp-json\/wp\/v2\/pages\/35"}],"collection":[{"href":"https:\/\/retztal-lamas.de\/retztallamas20\/wp-json\/wp\/v2\/pages"}],"about":[{"href":"https:\/\/retztal-lamas.de\/retztallamas20\/wp-json\/wp\/v2\/types\/page"}],"author":[{"embeddable":true,"href":"https:\/\/retztal-lamas.de\/retztallamas20\/wp-json\/wp\/v2\/users\/1"}],"replies":[{"embeddable":true,"href":"https:\/\/retztal-lamas.de\/retztallamas20\/wp-json\/wp\/v2\/comments?post=35"}],"version-history":[{"count":6,"href":"https:\/\/retztal-lamas.de\/retztallamas20\/wp-json\/wp\/v2\/pages\/35\/revisions"}],"predecessor-version":[{"id":1071,"href":"https:\/\/retztal-lamas.de\/retztallamas20\/wp-json\/wp\/v2\/pages\/35\/revisions\/1071"}],"wp:attachment":[{"href":"https:\/\/retztal-lamas.de\/retztallamas20\/wp-json\/wp\/v2\/media?parent=35"}],"curies":[{"name":"wp","href":"https:\/\/api.w.org\/{rel}","templated":true}]}}