{"id":346,"date":"2019-02-13T21:53:35","date_gmt":"2019-02-13T20:53:35","guid":{"rendered":"http:\/\/retztal-lamas.de\/retztallamas20\/?page_id=346"},"modified":"2022-04-21T21:31:39","modified_gmt":"2022-04-21T19:31:39","slug":"betriebsausfluege","status":"publish","type":"page","link":"https:\/\/retztal-lamas.de\/retztallamas20\/betriebsausfluege\/","title":{"rendered":"Betriebsausfl\u00fcge"},"content":{"rendered":"\n<p>Ein besonderes Erlebnis f\u00fcr ein gutes Beriebsklima? Wie w\u00e4re es mit einer gemeinsamen Lamawanderung und anschlie\u00dfendem Picknick auf dem Lamahof. Sprechen Sie mich an f\u00fcr ein individuelles Angebot.<\/p>\n\n\n\n<figure class=\"wp-block-gallery has-nested-images columns-default is-cropped wp-block-gallery-1 is-layout-flex wp-block-gallery-is-layout-flex\">\n<figure class=\"wp-block-image size-large\"><img loading=\"lazy\" decoding=\"async\" width=\"768\" height=\"1024\" data-id=\"969\" src=\"https:\/\/retztal-lamas.de\/retztallamas20\/wp-content\/uploads\/2022\/04\/IMG_7123-768x1024.jpg\" alt=\"\" class=\"wp-image-969\" srcset=\"https:\/\/retztal-lamas.de\/retztallamas20\/wp-content\/uploads\/2022\/04\/IMG_7123-768x1024.jpg 768w, https:\/\/retztal-lamas.de\/retztallamas20\/wp-content\/uploads\/2022\/04\/IMG_7123-225x300.jpg 225w, https:\/\/retztal-lamas.de\/retztallamas20\/wp-content\/uploads\/2022\/04\/IMG_7123.jpg 960w\" sizes=\"(max-width: 768px) 100vw, 768px\" \/><\/figure>\n\n\n\n<figure class=\"wp-block-image size-large\"><img loading=\"lazy\" decoding=\"async\" width=\"1024\" height=\"768\" data-id=\"970\" src=\"https:\/\/retztal-lamas.de\/retztallamas20\/wp-content\/uploads\/2022\/04\/Picknickplatz-1-1024x768.jpg\" alt=\"\" class=\"wp-image-970\" srcset=\"https:\/\/retztal-lamas.de\/retztallamas20\/wp-content\/uploads\/2022\/04\/Picknickplatz-1-1024x768.jpg 1024w, https:\/\/retztal-lamas.de\/retztallamas20\/wp-content\/uploads\/2022\/04\/Picknickplatz-1-300x225.jpg 300w, https:\/\/retztal-lamas.de\/retztallamas20\/wp-content\/uploads\/2022\/04\/Picknickplatz-1-768x576.jpg 768w, https:\/\/retztal-lamas.de\/retztallamas20\/wp-content\/uploads\/2022\/04\/Picknickplatz-1-1536x1152.jpg 1536w, https:\/\/retztal-lamas.de\/retztallamas20\/wp-content\/uploads\/2022\/04\/Picknickplatz-1-2048x1536.jpg 2048w, https:\/\/retztal-lamas.de\/retztallamas20\/wp-content\/uploads\/2022\/04\/Picknickplatz-1-1600x1200.jpg 1600w\" sizes=\"(max-width: 1024px) 100vw, 1024px\" \/><\/figure>\n\n\n\n<figure class=\"wp-block-image size-large\"><img loading=\"lazy\" decoding=\"async\" width=\"768\" height=\"1024\" data-id=\"972\" src=\"https:\/\/retztal-lamas.de\/retztallamas20\/wp-content\/uploads\/2022\/04\/Terasse-1-768x1024.jpg\" alt=\"\" class=\"wp-image-972\" srcset=\"https:\/\/retztal-lamas.de\/retztallamas20\/wp-content\/uploads\/2022\/04\/Terasse-1-768x1024.jpg 768w, https:\/\/retztal-lamas.de\/retztallamas20\/wp-content\/uploads\/2022\/04\/Terasse-1-225x300.jpg 225w, https:\/\/retztal-lamas.de\/retztallamas20\/wp-content\/uploads\/2022\/04\/Terasse-1-1152x1536.jpg 1152w, https:\/\/retztal-lamas.de\/retztallamas20\/wp-content\/uploads\/2022\/04\/Terasse-1-1536x2048.jpg 1536w, https:\/\/retztal-lamas.de\/retztallamas20\/wp-content\/uploads\/2022\/04\/Terasse-1-1600x2133.jpg 1600w, https:\/\/retztal-lamas.de\/retztallamas20\/wp-content\/uploads\/2022\/04\/Terasse-1-scaled.jpg 1920w\" sizes=\"(max-width: 768px) 100vw, 768px\" \/><\/figure>\n\n\n\n<figure class=\"wp-block-image size-large\"><img loading=\"lazy\" decoding=\"async\" width=\"768\" height=\"1024\" data-id=\"973\" src=\"https:\/\/retztal-lamas.de\/retztallamas20\/wp-content\/uploads\/2022\/04\/Terasse2-1-768x1024.jpg\" alt=\"\" class=\"wp-image-973\" srcset=\"https:\/\/retztal-lamas.de\/retztallamas20\/wp-content\/uploads\/2022\/04\/Terasse2-1-768x1024.jpg 768w, https:\/\/retztal-lamas.de\/retztallamas20\/wp-content\/uploads\/2022\/04\/Terasse2-1-225x300.jpg 225w, https:\/\/retztal-lamas.de\/retztallamas20\/wp-content\/uploads\/2022\/04\/Terasse2-1-1152x1536.jpg 1152w, https:\/\/retztal-lamas.de\/retztallamas20\/wp-content\/uploads\/2022\/04\/Terasse2-1-1536x2048.jpg 1536w, https:\/\/retztal-lamas.de\/retztallamas20\/wp-content\/uploads\/2022\/04\/Terasse2-1-1600x2133.jpg 1600w, https:\/\/retztal-lamas.de\/retztallamas20\/wp-content\/uploads\/2022\/04\/Terasse2-1-scaled.jpg 1920w\" sizes=\"(max-width: 768px) 100vw, 768px\" \/><\/figure>\n\n\n\n<figure class=\"wp-block-image size-large\"><img loading=\"lazy\" decoding=\"async\" width=\"768\" height=\"1024\" data-id=\"971\" src=\"https:\/\/retztal-lamas.de\/retztallamas20\/wp-content\/uploads\/2022\/04\/Terasse3-1-768x1024.jpg\" alt=\"\" class=\"wp-image-971\" srcset=\"https:\/\/retztal-lamas.de\/retztallamas20\/wp-content\/uploads\/2022\/04\/Terasse3-1-768x1024.jpg 768w, https:\/\/retztal-lamas.de\/retztallamas20\/wp-content\/uploads\/2022\/04\/Terasse3-1-225x300.jpg 225w, https:\/\/retztal-lamas.de\/retztallamas20\/wp-content\/uploads\/2022\/04\/Terasse3-1-1152x1536.jpg 1152w, https:\/\/retztal-lamas.de\/retztallamas20\/wp-content\/uploads\/2022\/04\/Terasse3-1-1536x2048.jpg 1536w, https:\/\/retztal-lamas.de\/retztallamas20\/wp-content\/uploads\/2022\/04\/Terasse3-1-1600x2133.jpg 1600w, https:\/\/retztal-lamas.de\/retztallamas20\/wp-content\/uploads\/2022\/04\/Terasse3-1-scaled.jpg 1920w\" sizes=\"(max-width: 768px) 100vw, 768px\" \/><\/figure>\n\n\n\n<figure class=\"wp-block-image size-large\"><img loading=\"lazy\" decoding=\"async\" width=\"768\" height=\"1024\" data-id=\"975\" src=\"https:\/\/retztal-lamas.de\/retztallamas20\/wp-content\/uploads\/2022\/04\/WC-1-768x1024.jpg\" alt=\"\" class=\"wp-image-975\" srcset=\"https:\/\/retztal-lamas.de\/retztallamas20\/wp-content\/uploads\/2022\/04\/WC-1-768x1024.jpg 768w, https:\/\/retztal-lamas.de\/retztallamas20\/wp-content\/uploads\/2022\/04\/WC-1-225x300.jpg 225w, https:\/\/retztal-lamas.de\/retztallamas20\/wp-content\/uploads\/2022\/04\/WC-1-1152x1536.jpg 1152w, https:\/\/retztal-lamas.de\/retztallamas20\/wp-content\/uploads\/2022\/04\/WC-1-1536x2048.jpg 1536w, https:\/\/retztal-lamas.de\/retztallamas20\/wp-content\/uploads\/2022\/04\/WC-1-1600x2133.jpg 1600w, https:\/\/retztal-lamas.de\/retztallamas20\/wp-content\/uploads\/2022\/04\/WC-1-scaled.jpg 1920w\" sizes=\"(max-width: 768px) 100vw, 768px\" \/><\/figure>\n\n\n\n<figure class=\"wp-block-image size-large\"><img loading=\"lazy\" decoding=\"async\" width=\"768\" height=\"1024\" data-id=\"976\" src=\"https:\/\/retztal-lamas.de\/retztallamas20\/wp-content\/uploads\/2022\/04\/Innenraum1-1-768x1024.jpg\" alt=\"\" class=\"wp-image-976\" srcset=\"https:\/\/retztal-lamas.de\/retztallamas20\/wp-content\/uploads\/2022\/04\/Innenraum1-1-768x1024.jpg 768w, https:\/\/retztal-lamas.de\/retztallamas20\/wp-content\/uploads\/2022\/04\/Innenraum1-1-225x300.jpg 225w, https:\/\/retztal-lamas.de\/retztallamas20\/wp-content\/uploads\/2022\/04\/Innenraum1-1-1152x1536.jpg 1152w, https:\/\/retztal-lamas.de\/retztallamas20\/wp-content\/uploads\/2022\/04\/Innenraum1-1-1536x2048.jpg 1536w, https:\/\/retztal-lamas.de\/retztallamas20\/wp-content\/uploads\/2022\/04\/Innenraum1-1-1600x2133.jpg 1600w, https:\/\/retztal-lamas.de\/retztallamas20\/wp-content\/uploads\/2022\/04\/Innenraum1-1-scaled.jpg 1920w\" sizes=\"(max-width: 768px) 100vw, 768px\" \/><\/figure>\n\n\n\n<figure class=\"wp-block-image size-large\"><img loading=\"lazy\" decoding=\"async\" width=\"1024\" height=\"344\" data-id=\"977\" src=\"https:\/\/retztal-lamas.de\/retztallamas20\/wp-content\/uploads\/2022\/04\/Gruppe1-2-1024x344.jpg\" alt=\"\" class=\"wp-image-977\" srcset=\"https:\/\/retztal-lamas.de\/retztallamas20\/wp-content\/uploads\/2022\/04\/Gruppe1-2-1024x344.jpg 1024w, https:\/\/retztal-lamas.de\/retztallamas20\/wp-content\/uploads\/2022\/04\/Gruppe1-2-300x101.jpg 300w, https:\/\/retztal-lamas.de\/retztallamas20\/wp-content\/uploads\/2022\/04\/Gruppe1-2-768x258.jpg 768w, https:\/\/retztal-lamas.de\/retztallamas20\/wp-content\/uploads\/2022\/04\/Gruppe1-2-1536x516.jpg 1536w, https:\/\/retztal-lamas.de\/retztallamas20\/wp-content\/uploads\/2022\/04\/Gruppe1-2-2048x688.jpg 2048w, https:\/\/retztal-lamas.de\/retztallamas20\/wp-content\/uploads\/2022\/04\/Gruppe1-2-1600x538.jpg 1600w\" sizes=\"(max-width: 1024px) 100vw, 1024px\" \/><\/figure>\n<\/figure>\n","protected":false},"excerpt":{"rendered":"<p>Ein besonderes Erlebnis f\u00fcr ein gutes Beriebsklima? Wie w\u00e4re es mit einer gemeinsamen Lamawanderung und anschlie\u00dfendem Picknick auf dem Lamahof.&hellip;<\/p>\n","protected":false},"author":1,"featured_media":0,"parent":0,"menu_order":0,"comment_status":"closed","ping_status":"closed","template":"","meta":{"footnotes":""},"class_list":["post-346","page","type-page","status-publish","hentry"],"_links":{"self":[{"href":"https:\/\/retztal-lamas.de\/retztallamas20\/wp-json\/wp\/v2\/pages\/346"}],"collection":[{"href":"https:\/\/retztal-lamas.de\/retztallamas20\/wp-json\/wp\/v2\/pages"}],"about":[{"href":"https:\/\/retztal-lamas.de\/retztallamas20\/wp-json\/wp\/v2\/types\/page"}],"author":[{"embeddable":true,"href":"https:\/\/retztal-lamas.de\/retztallamas20\/wp-json\/wp\/v2\/users\/1"}],"replies":[{"embeddable":true,"href":"https:\/\/retztal-lamas.de\/retztallamas20\/wp-json\/wp\/v2\/comments?post=346"}],"version-history":[{"count":4,"href":"https:\/\/retztal-lamas.de\/retztallamas20\/wp-json\/wp\/v2\/pages\/346\/revisions"}],"predecessor-version":[{"id":978,"href":"https:\/\/retztal-lamas.de\/retztallamas20\/wp-json\/wp\/v2\/pages\/346\/revisions\/978"}],"wp:attachment":[{"href":"https:\/\/retztal-lamas.de\/retztallamas20\/wp-json\/wp\/v2\/media?parent=346"}],"curies":[{"name":"wp","href":"https:\/\/api.w.org\/{rel}","templated":true}]}}