{"id":332,"date":"2019-02-13T21:45:36","date_gmt":"2019-02-13T20:45:36","guid":{"rendered":"http:\/\/retztal-lamas.de\/retztallamas20\/?page_id=332"},"modified":"2024-08-14T18:12:16","modified_gmt":"2024-08-14T16:12:16","slug":"kindergeburtstage","status":"publish","type":"page","link":"https:\/\/retztal-lamas.de\/retztallamas20\/kindergeburtstage\/","title":{"rendered":"Kindergeburtstage"},"content":{"rendered":"\n<p>Kindergeburtstage dauern ca. 3 Stunden und k\u00f6nnen individuell gestaltet werden<\/p>\n\n\n\n<p>(Lamaf\u00fchrerschein, Wanderung, Basteln, Schatzsuche etc.)<\/p>\n\n\n\n<p>Das Mindestalter ist 9\/10 Jahre<\/p>\n\n\n\n<p>Die Teilnehmerzahl ist begrenzt auf 5 Kinder<\/p>\n\n\n\n<p>(jedes weiteres Kind 25 Euro, maximale Anzahl 8 Kinder)<\/p>\n\n\n\n<p>Es sollten mindestens zwei Erwachsene dabei sein<\/p>\n\n\n\n<p><strong><a href=\"https:\/\/retztal-lamas.de\/retztallamas20\/preisliste\/\" data-type=\"page\" data-id=\"1075\" target=\"_blank\" rel=\"noreferrer noopener\">Preisliste<\/a><\/strong><\/p>\n\n\n\n<p><\/p>\n\n\n\n<p>F\u00fcr eine kleine Schatzssuche bringen Sie den Schatzinhalt selbst mit oder lassen die Schatzkiste f\u00fcr zus\u00e4tzlich 20 Euro bef\u00fcllen.<\/p>\n\n\n\n<p><strong>Wichtige Infos f\u00fcr Kindergeburtstage bei den Retztal-Lamas:<\/strong><\/p>\n\n\n\n<ul class=\"wp-block-list\">\n<li>Bitte f\u00fcr festes Schuhwerk, Sonnen- und Insektenschutz sorgen<\/li>\n\n\n\n<li>Getr\u00e4nke und Speisen bringen Sie bitte selber mit, ein K\u00fchlschrank steht zur Verf\u00fcgung<\/li>\n\n\n\n<li>Teller, Becher, Besteck usw. wird von mir gestellt und anschlie\u00dfend gesp\u00fchlt<\/li>\n\n\n\n<li>Bitte bringen Sie eine M\u00fcllt\u00fcte mit und entsorgen Sie anschlie\u00dfend Ihren M\u00fcll bei sich zu Hause<\/li>\n\n\n\n<li>Gegen Aufpreis kann gerne eine Feuerschale f\u00fcr Stockbrot oder ein Backofen mit Blechen zum Pizzabacken genutzt werden<\/li>\n\n\n\n<li>Bringen Sie f\u00fcr die Schatzsuche den Schatzinhalt mit oder lassen Sie sich von mir die kleine Schatztruhe gegen Aufpreis bef\u00fcllen<\/li>\n\n\n\n<li>je nach Gruppengr\u00f6\u00dfe sind mindestens zwei erwachsene Begleitpersonen erforderlich, die darauf achten, dass die Kinder keine Steine gegen die Tiere werfen und sich in Gegenwart der Lamas ruhig verhalten und nicht getreten werden. Sie sollten sich auch nicht scheuen zusammen mit einem Kind ein Lama zu f\u00fchren<\/li>\n<\/ul>\n\n\n\n<p><strong>F\u00fcr kleinere Kinder:<\/strong><\/p>\n\n\n\n<p>F\u00fcr Kinder unter 9 Jahren biete ich den Kindergeburtstag ohne Wanderung an. Wir verbringen die gesamte Zeit auf dem Hof mit und bei den Tieren. Statt einer Wanderung k\u00f6nnen kleine Holzlamas bemalt und mit echter Lamawolle beklebt werden.<\/p>\n\n\n\n<p>Es ist au\u00dferdem Zeit zum Kuchen Essen und\/oder anderen mitgebrachten Speisen.<\/p>\n\n\n\n<p>Die Teilnehmerzahl ist begrenzt auf 6 Kinder. Jedes weitere Kind 20 Euro.<\/p>\n\n\n\n<p><strong><a href=\"https:\/\/retztal-lamas.de\/retztallamas20\/preisliste\/\" data-type=\"page\" data-id=\"1075\" target=\"_blank\" rel=\"noreferrer noopener\">Preisliste<\/a><\/strong><\/p>\n\n\n\n<figure class=\"wp-block-gallery has-nested-images columns-2 is-cropped wp-block-gallery-1 is-layout-flex wp-block-gallery-is-layout-flex\">\n<figure class=\"wp-block-image size-large\"><img loading=\"lazy\" decoding=\"async\" width=\"1024\" height=\"768\" data-id=\"962\" src=\"https:\/\/retztal-lamas.de\/retztallamas20\/wp-content\/uploads\/2022\/04\/KIGE1-1-1024x768.jpg\" alt=\"\" class=\"wp-image-962\" srcset=\"https:\/\/retztal-lamas.de\/retztallamas20\/wp-content\/uploads\/2022\/04\/KIGE1-1-1024x768.jpg 1024w, https:\/\/retztal-lamas.de\/retztallamas20\/wp-content\/uploads\/2022\/04\/KIGE1-1-300x225.jpg 300w, https:\/\/retztal-lamas.de\/retztallamas20\/wp-content\/uploads\/2022\/04\/KIGE1-1-768x576.jpg 768w, https:\/\/retztal-lamas.de\/retztallamas20\/wp-content\/uploads\/2022\/04\/KIGE1-1-1536x1152.jpg 1536w, https:\/\/retztal-lamas.de\/retztallamas20\/wp-content\/uploads\/2022\/04\/KIGE1-1-2048x1536.jpg 2048w, https:\/\/retztal-lamas.de\/retztallamas20\/wp-content\/uploads\/2022\/04\/KIGE1-1-1600x1200.jpg 1600w\" sizes=\"(max-width: 1024px) 100vw, 1024px\" \/><\/figure>\n\n\n\n<figure class=\"wp-block-image size-large\"><img loading=\"lazy\" decoding=\"async\" width=\"768\" height=\"1024\" data-id=\"964\" src=\"https:\/\/retztal-lamas.de\/retztallamas20\/wp-content\/uploads\/2022\/04\/KIGE2-1-768x1024.jpg\" alt=\"\" class=\"wp-image-964\" srcset=\"https:\/\/retztal-lamas.de\/retztallamas20\/wp-content\/uploads\/2022\/04\/KIGE2-1-768x1024.jpg 768w, https:\/\/retztal-lamas.de\/retztallamas20\/wp-content\/uploads\/2022\/04\/KIGE2-1-225x300.jpg 225w, https:\/\/retztal-lamas.de\/retztallamas20\/wp-content\/uploads\/2022\/04\/KIGE2-1-1152x1536.jpg 1152w, https:\/\/retztal-lamas.de\/retztallamas20\/wp-content\/uploads\/2022\/04\/KIGE2-1-1536x2048.jpg 1536w, https:\/\/retztal-lamas.de\/retztallamas20\/wp-content\/uploads\/2022\/04\/KIGE2-1-1600x2133.jpg 1600w, https:\/\/retztal-lamas.de\/retztallamas20\/wp-content\/uploads\/2022\/04\/KIGE2-1-scaled.jpg 1920w\" sizes=\"(max-width: 768px) 100vw, 768px\" \/><\/figure>\n\n\n\n<figure class=\"wp-block-image size-large\"><img loading=\"lazy\" decoding=\"async\" width=\"819\" height=\"1024\" data-id=\"961\" src=\"https:\/\/retztal-lamas.de\/retztallamas20\/wp-content\/uploads\/2022\/04\/KIGE3-819x1024.jpg\" alt=\"\" class=\"wp-image-961\" srcset=\"https:\/\/retztal-lamas.de\/retztallamas20\/wp-content\/uploads\/2022\/04\/KIGE3-819x1024.jpg 819w, https:\/\/retztal-lamas.de\/retztallamas20\/wp-content\/uploads\/2022\/04\/KIGE3-240x300.jpg 240w, https:\/\/retztal-lamas.de\/retztallamas20\/wp-content\/uploads\/2022\/04\/KIGE3-768x960.jpg 768w, https:\/\/retztal-lamas.de\/retztallamas20\/wp-content\/uploads\/2022\/04\/KIGE3-1229x1536.jpg 1229w, https:\/\/retztal-lamas.de\/retztallamas20\/wp-content\/uploads\/2022\/04\/KIGE3.jpg 1440w\" sizes=\"(max-width: 819px) 100vw, 819px\" \/><\/figure>\n\n\n\n<figure class=\"wp-block-image size-large\"><img loading=\"lazy\" decoding=\"async\" width=\"768\" height=\"1024\" data-id=\"965\" src=\"https:\/\/retztal-lamas.de\/retztallamas20\/wp-content\/uploads\/2022\/04\/KIGE5-1-768x1024.jpg\" alt=\"\" class=\"wp-image-965\" srcset=\"https:\/\/retztal-lamas.de\/retztallamas20\/wp-content\/uploads\/2022\/04\/KIGE5-1-768x1024.jpg 768w, https:\/\/retztal-lamas.de\/retztallamas20\/wp-content\/uploads\/2022\/04\/KIGE5-1-225x300.jpg 225w, https:\/\/retztal-lamas.de\/retztallamas20\/wp-content\/uploads\/2022\/04\/KIGE5-1-1152x1536.jpg 1152w, https:\/\/retztal-lamas.de\/retztallamas20\/wp-content\/uploads\/2022\/04\/KIGE5-1-1536x2048.jpg 1536w, https:\/\/retztal-lamas.de\/retztallamas20\/wp-content\/uploads\/2022\/04\/KIGE5-1-1600x2133.jpg 1600w, https:\/\/retztal-lamas.de\/retztallamas20\/wp-content\/uploads\/2022\/04\/KIGE5-1-scaled.jpg 1920w\" sizes=\"(max-width: 768px) 100vw, 768px\" \/><\/figure>\n\n\n\n<figure class=\"wp-block-image size-large\"><img loading=\"lazy\" decoding=\"async\" width=\"1024\" height=\"768\" data-id=\"966\" src=\"https:\/\/retztal-lamas.de\/retztallamas20\/wp-content\/uploads\/2022\/04\/IMG_5270-1-1024x768.jpg\" alt=\"\" class=\"wp-image-966\" srcset=\"https:\/\/retztal-lamas.de\/retztallamas20\/wp-content\/uploads\/2022\/04\/IMG_5270-1-1024x768.jpg 1024w, https:\/\/retztal-lamas.de\/retztallamas20\/wp-content\/uploads\/2022\/04\/IMG_5270-1-300x225.jpg 300w, https:\/\/retztal-lamas.de\/retztallamas20\/wp-content\/uploads\/2022\/04\/IMG_5270-1-768x576.jpg 768w, https:\/\/retztal-lamas.de\/retztallamas20\/wp-content\/uploads\/2022\/04\/IMG_5270-1-1536x1152.jpg 1536w, https:\/\/retztal-lamas.de\/retztallamas20\/wp-content\/uploads\/2022\/04\/IMG_5270-1-2048x1536.jpg 2048w, https:\/\/retztal-lamas.de\/retztallamas20\/wp-content\/uploads\/2022\/04\/IMG_5270-1-1600x1200.jpg 1600w\" sizes=\"(max-width: 1024px) 100vw, 1024px\" \/><\/figure>\n<\/figure>\n","protected":false},"excerpt":{"rendered":"<p>Kindergeburtstage dauern ca. 3 Stunden und k\u00f6nnen individuell gestaltet werden (Lamaf\u00fchrerschein, Wanderung, Basteln, Schatzsuche etc.) Das Mindestalter ist 9\/10 Jahre&hellip;<\/p>\n","protected":false},"author":1,"featured_media":0,"parent":0,"menu_order":0,"comment_status":"closed","ping_status":"closed","template":"","meta":{"footnotes":""},"class_list":["post-332","page","type-page","status-publish","hentry"],"_links":{"self":[{"href":"https:\/\/retztal-lamas.de\/retztallamas20\/wp-json\/wp\/v2\/pages\/332"}],"collection":[{"href":"https:\/\/retztal-lamas.de\/retztallamas20\/wp-json\/wp\/v2\/pages"}],"about":[{"href":"https:\/\/retztal-lamas.de\/retztallamas20\/wp-json\/wp\/v2\/types\/page"}],"author":[{"embeddable":true,"href":"https:\/\/retztal-lamas.de\/retztallamas20\/wp-json\/wp\/v2\/users\/1"}],"replies":[{"embeddable":true,"href":"https:\/\/retztal-lamas.de\/retztallamas20\/wp-json\/wp\/v2\/comments?post=332"}],"version-history":[{"count":15,"href":"https:\/\/retztal-lamas.de\/retztallamas20\/wp-json\/wp\/v2\/pages\/332\/revisions"}],"predecessor-version":[{"id":1197,"href":"https:\/\/retztal-lamas.de\/retztallamas20\/wp-json\/wp\/v2\/pages\/332\/revisions\/1197"}],"wp:attachment":[{"href":"https:\/\/retztal-lamas.de\/retztallamas20\/wp-json\/wp\/v2\/media?parent=332"}],"curies":[{"name":"wp","href":"https:\/\/api.w.org\/{rel}","templated":true}]}}