{"id":314,"date":"2019-02-13T21:32:50","date_gmt":"2019-02-13T20:32:50","guid":{"rendered":"http:\/\/retztal-lamas.de\/retztallamas20\/?page_id=314"},"modified":"2022-06-30T15:33:24","modified_gmt":"2022-06-30T13:33:24","slug":"tiergestuetzte-psychologische-beratung","status":"publish","type":"page","link":"https:\/\/retztal-lamas.de\/retztallamas20\/tiergestuetzte-psychologische-beratung\/","title":{"rendered":"Tiergest\u00fctzte Therapie"},"content":{"rendered":"\n<p><\/p>\n\n\n\n<p>Die TGI &#8211; Tiergest\u00fctzen Interventionen beinhalten alle Ma\u00dfnahmen, die zum Wohle des Menschen durchgef\u00fchrt werden und bei denen Tiere unterst\u00fctzend eingebunden werden. Das k\u00f6nnen sowohl therapeutische (k\u00f6rperlich und psychisch) als auch p\u00e4dagogische Ma\u00dfnahmen sein oder solche, die im Bereich der F\u00f6rderung mithelfen. Auch die tiergest\u00fctzten Aktivit\u00e4ten geh\u00f6ren dazu, wie etwas das Wandern mit den Lamas.<\/p>\n\n\n\n<p>Bei der tiergest\u00fctzen Therapie mit den Lamas versuchen wir gemeinsam und zielorientiert an Deinen Themen zu arbeiten. Das bedeutet, dass wir uns in einem ersten Gespr\u00e4ch ohne Lamas  \u00fcberlegen, wie Dich meine Lamas und ich unterst\u00fctzen k\u00f6nnen, Deine Ziele zu erreichen.<\/p>\n\n\n\n<p>Danach gehen wir regelm\u00e4\u00dfig in die Natur und arbeiten dort mit, f\u00fcr oder \u00fcber das Lama um so an Deine Themen heranzukommen. Die Gestaltung der jeweiligen Einheit ist abh\u00e4ngig von den aktuell vorherrschenden Wetterverh\u00e4ltnissen und Deinem Befinden bzw. Deinen Bed\u00fcrfnissen. Das kann ein Achtsamkeitstraining auf der Weide sein, ein Gespr\u00e4ch im Lamastall, ein Walk and Talk mit Lama, das Beobachten der Tiere, das genaue Erkennen der einzelnen Charaktere meiner Lamaherde usw. <\/p>\n\n\n\n<p>Wie h\u00e4ufig und regelm\u00e4\u00dfig Du kommst entscheidest Du selbst.<\/p>\n\n\n\n<p><strong><a href=\"https:\/\/retztal-lamas.de\/retztallamas20\/preisliste\/\" data-type=\"page\" data-id=\"1075\">Preisliste<\/a><\/strong><\/p>\n","protected":false},"excerpt":{"rendered":"<p>Die TGI &#8211; Tiergest\u00fctzen Interventionen beinhalten alle Ma\u00dfnahmen, die zum Wohle des Menschen durchgef\u00fchrt werden und bei denen Tiere unterst\u00fctzend&hellip;<\/p>\n","protected":false},"author":1,"featured_media":0,"parent":0,"menu_order":0,"comment_status":"closed","ping_status":"closed","template":"","meta":{"footnotes":""},"class_list":["post-314","page","type-page","status-publish","hentry"],"_links":{"self":[{"href":"https:\/\/retztal-lamas.de\/retztallamas20\/wp-json\/wp\/v2\/pages\/314"}],"collection":[{"href":"https:\/\/retztal-lamas.de\/retztallamas20\/wp-json\/wp\/v2\/pages"}],"about":[{"href":"https:\/\/retztal-lamas.de\/retztallamas20\/wp-json\/wp\/v2\/types\/page"}],"author":[{"embeddable":true,"href":"https:\/\/retztal-lamas.de\/retztallamas20\/wp-json\/wp\/v2\/users\/1"}],"replies":[{"embeddable":true,"href":"https:\/\/retztal-lamas.de\/retztallamas20\/wp-json\/wp\/v2\/comments?post=314"}],"version-history":[{"count":13,"href":"https:\/\/retztal-lamas.de\/retztallamas20\/wp-json\/wp\/v2\/pages\/314\/revisions"}],"predecessor-version":[{"id":1093,"href":"https:\/\/retztal-lamas.de\/retztallamas20\/wp-json\/wp\/v2\/pages\/314\/revisions\/1093"}],"wp:attachment":[{"href":"https:\/\/retztal-lamas.de\/retztallamas20\/wp-json\/wp\/v2\/media?parent=314"}],"curies":[{"name":"wp","href":"https:\/\/api.w.org\/{rel}","templated":true}]}}