{"id":312,"date":"2019-02-13T21:32:29","date_gmt":"2019-02-13T20:32:29","guid":{"rendered":"http:\/\/retztal-lamas.de\/retztallamas20\/?page_id=312"},"modified":"2022-06-30T14:48:26","modified_gmt":"2022-06-30T12:48:26","slug":"tiergestuetzte-individuelle-einzelintervention","status":"publish","type":"page","link":"https:\/\/retztal-lamas.de\/retztallamas20\/tiergestuetzte-individuelle-einzelintervention\/","title":{"rendered":"Tiergest\u00fctzte psychologische Beratung"},"content":{"rendered":"\n<p>Du bist an einem Punkt in Deinem Leben angekommen wo du gerade nicht weiter wei\u00dft oder Du hast das Gef\u00fchl einfach mal mit jemandem reden zu m\u00fcssen. Du f\u00fchlst Dich vielleicht grundlos ausgelaugt und ersch\u00f6pft oder aus irgendwelchen Gr\u00fcnden traurig, \u00e4ngstlich und\/oder hilflos. Du suchst nach Hilfestellung  oder Anregung wie Du Deinen Alltag wieder besser bew\u00e4ltigen kannst. Das alles und noch viel mehr k\u00f6nnen Themen sein, die wir gemeinsam besprechen. Die Tiere begleiten uns dabei.<\/p>\n\n\n\n<p>Das Gespr\u00e4ch kann auf der Weide oder im Lamastall stattfinden oder auch w\u00e4hrend eines Lamaspaziergangs ( Walk and Talk). Je nach Bed\u00fcrfnis und aktueller Befindlichkeit kann ich dabei Zuh\u00f6rer sein, Lama-\u00dcbersetzer, Ratgeber oder einfach nur Begleiter. Manchmal lasse ich Achtsamkeits\u00fcbungen oder Elemente aus der Naturtherapie mit einflie\u00dfen.<\/p>\n\n\n\n<p><strong><a href=\"https:\/\/retztal-lamas.de\/retztallamas20\/preisliste\/\" data-type=\"page\" data-id=\"1075\">Preisliste<\/a><\/strong><\/p>\n","protected":false},"excerpt":{"rendered":"<p>Du bist an einem Punkt in Deinem Leben angekommen wo du gerade nicht weiter wei\u00dft oder Du hast das Gef\u00fchl&hellip;<\/p>\n","protected":false},"author":1,"featured_media":0,"parent":0,"menu_order":0,"comment_status":"closed","ping_status":"closed","template":"","meta":{"footnotes":""},"class_list":["post-312","page","type-page","status-publish","hentry"],"_links":{"self":[{"href":"https:\/\/retztal-lamas.de\/retztallamas20\/wp-json\/wp\/v2\/pages\/312"}],"collection":[{"href":"https:\/\/retztal-lamas.de\/retztallamas20\/wp-json\/wp\/v2\/pages"}],"about":[{"href":"https:\/\/retztal-lamas.de\/retztallamas20\/wp-json\/wp\/v2\/types\/page"}],"author":[{"embeddable":true,"href":"https:\/\/retztal-lamas.de\/retztallamas20\/wp-json\/wp\/v2\/users\/1"}],"replies":[{"embeddable":true,"href":"https:\/\/retztal-lamas.de\/retztallamas20\/wp-json\/wp\/v2\/comments?post=312"}],"version-history":[{"count":11,"href":"https:\/\/retztal-lamas.de\/retztallamas20\/wp-json\/wp\/v2\/pages\/312\/revisions"}],"predecessor-version":[{"id":1077,"href":"https:\/\/retztal-lamas.de\/retztallamas20\/wp-json\/wp\/v2\/pages\/312\/revisions\/1077"}],"wp:attachment":[{"href":"https:\/\/retztal-lamas.de\/retztallamas20\/wp-json\/wp\/v2\/media?parent=312"}],"curies":[{"name":"wp","href":"https:\/\/api.w.org\/{rel}","templated":true}]}}