{"id":116,"date":"2019-01-29T21:07:51","date_gmt":"2019-01-29T20:07:51","guid":{"rendered":"http:\/\/retztal-lamas.de\/retztallamas20\/?page_id=116"},"modified":"2024-12-11T15:24:19","modified_gmt":"2024-12-11T14:24:19","slug":"ueber-mich","status":"publish","type":"page","link":"https:\/\/retztal-lamas.de\/retztallamas20\/ueber-mich\/","title":{"rendered":"Unser Team"},"content":{"rendered":"\n<p><\/p>\n\n\n\n<h2 class=\"wp-block-heading\">Kerstin<\/h2>\n\n\n<div class=\"wp-block-image\">\n<figure class=\"aligncenter size-full\"><img loading=\"lazy\" decoding=\"async\" width=\"300\" height=\"300\" src=\"https:\/\/retztal-lamas.de\/retztallamas20\/wp-content\/uploads\/2022\/04\/2022-Kerstin-300x300-1.png\" alt=\"\" class=\"wp-image-838\" srcset=\"https:\/\/retztal-lamas.de\/retztallamas20\/wp-content\/uploads\/2022\/04\/2022-Kerstin-300x300-1.png 300w, https:\/\/retztal-lamas.de\/retztallamas20\/wp-content\/uploads\/2022\/04\/2022-Kerstin-300x300-1-150x150.png 150w\" sizes=\"(max-width: 300px) 100vw, 300px\" \/><\/figure><\/div>\n\n\n<p>Jeden Tag lerne ich von meinen Lamas. Seit 2014 wachse ich mit ihnen.&nbsp;<\/p>\n\n\n\n<p>Beruflich und pers\u00f6nlich bin ich durch sehr viele H\u00f6hen und Tiefen gegangen und habe die verschiedenen Gesichter des Lebens &nbsp;kennengelernt. Schlie\u00dflich zeigte mir das Lama worauf es ankommt:&nbsp;<br>N\u00e4mlich auf das Hier und Jetzt, auf den Mut zu sich selbst zu stehen und authentisch zu sein. <\/p>\n\n\n\n<p>Meine beruflichen Eckdaten:<\/p>\n\n\n\n<ul class=\"wp-block-list\">\n<li>Studium der Germanistik und Soziologie<\/li>\n\n\n\n<li>Ausbildung zur Damenschneiderin<\/li>\n\n\n\n<li>Mehrj\u00e4hrige Berufserfahrung im Kundenservice im In- und Ausland<\/li>\n\n\n\n<li>Heilpraktikerin f\u00fcr Psychotherapie<\/li>\n\n\n\n<li>Betreuungsassistentin f\u00fcr Menschen mit Demenz<\/li>\n\n\n\n<li>P\u00e4dagogische Fachkraft in der Arbeit mit Kindern und Jugendlichen<\/li>\n\n\n\n<li>Ausbildung zur Kinder- Jugend- und Familienberaterin<\/li>\n\n\n\n<li>Nachhilfelehrerin f\u00fcr Deutsch und Englisch (unter anderem f\u00fcr Kinder&nbsp;mit k\u00f6rperlichen und geistigen Einschr\u00e4nkungen)<\/li>\n\n\n\n<li>Ausbildung zur Achtsamkeitstrainerin<\/li>\n\n\n\n<li>Naturtherapeutin und Coach f\u00fcr tiergest\u00fctzte Interventionen mit Lamas<\/li>\n\n\n\n<li>Ausbildung zur Fachkraft f\u00fcr tiergest\u00fctzte Interventionen nach ESAAT<\/li>\n\n\n\n<li>Weiterbildungen in der Verhaltenstherapie, Systemischen Therapie, Katathymes Bilderleben, Gespr\u00e4chspsychotherapie nach Rogers<\/li>\n\n\n\n<li>Regelm\u00e4\u00dfige Weiterbildungen im Bereich tiergest\u00fctze Arbeit mit Lamas und Alpakas<\/li>\n<\/ul>\n\n\n\n<p>Meine Aufgabe ist es, den Menschen das Wesen der Lamas n\u00e4her zu bringen. Jeder soll bei mir die M\u00f6glichkeit erhalten, das Lama als pers\u00f6nlichen Wegbegleiter erleben zu k\u00f6nnen. Egal mit welchem Anliegen Du auf meinen Hof kommst \u2013 ein Stolperstein in Deinem Leben, ein Schicksalsschlag, eine schwierige Situation, ein k\u00f6rperliches Defizit, die Neugier, der Spa\u00df an der Bewegung in der Natur oder die Lust auf ein au\u00dfergew\u00f6hnliches Erlebnis \u2013 das Lama h\u00e4lt f\u00fcr jeden eine Botschaft bereit.&nbsp;<\/p>\n\n\n\n<p>Ich bin Mitglied im Verein Halter, Z\u00fcchter und Freunde von Neuweltkameliden (NWK), im Bundesverband Tiergest\u00fctzte Inervention (BTI), im Verband Freier Psychotherapeuten (VFP) und bei der Arbeitsgemeinschaft Europ\u00e4ische Lama und Alpakashows (AELAS) im Arbeitskreis Tiergest\u00fctzte Therapie mit Neuweltkameliden.<\/p>\n\n\n\n<p><\/p>\n\n\n\n<h2 class=\"wp-block-heading\">Bernhard<\/h2>\n\n\n<div class=\"wp-block-image\">\n<figure class=\"aligncenter size-large is-resized\"><img loading=\"lazy\" decoding=\"async\" width=\"802\" height=\"1024\" src=\"https:\/\/retztal-lamas.de\/retztallamas20\/wp-content\/uploads\/2023\/03\/DSC_2744-Bernhard-802x1024.jpg\" alt=\"\" class=\"wp-image-1156\" style=\"width:334px;height:426px\" srcset=\"https:\/\/retztal-lamas.de\/retztallamas20\/wp-content\/uploads\/2023\/03\/DSC_2744-Bernhard-802x1024.jpg 802w, https:\/\/retztal-lamas.de\/retztallamas20\/wp-content\/uploads\/2023\/03\/DSC_2744-Bernhard-235x300.jpg 235w, https:\/\/retztal-lamas.de\/retztallamas20\/wp-content\/uploads\/2023\/03\/DSC_2744-Bernhard-768x980.jpg 768w, https:\/\/retztal-lamas.de\/retztallamas20\/wp-content\/uploads\/2023\/03\/DSC_2744-Bernhard-1203x1536.jpg 1203w, https:\/\/retztal-lamas.de\/retztallamas20\/wp-content\/uploads\/2023\/03\/DSC_2744-Bernhard-1604x2048.jpg 1604w, https:\/\/retztal-lamas.de\/retztallamas20\/wp-content\/uploads\/2023\/03\/DSC_2744-Bernhard-1600x2043.jpg 1600w, https:\/\/retztal-lamas.de\/retztallamas20\/wp-content\/uploads\/2023\/03\/DSC_2744-Bernhard-scaled.jpg 2005w\" sizes=\"(max-width: 802px) 100vw, 802px\" \/><\/figure><\/div>\n\n\n<p>Bernhard ist die gute Seele des Hofes. Ohne ihn w\u00e4re das alles hier \u00fcberhaupt nicht zu stemmen. Z\u00e4une reparieren, Weiden bearbeiten, Gras m\u00e4hen, Heuballen fahren,<br>Lamas scheren, Lamas wieder einfangen wenn sie abgehauen sind&#8230;. all das und noch viel mehr leistet Bernhard. Er arbeitet lieber im Hintergrund und steht nicht so gerne im Mittelpunkt und dennoch, wie bereits erw\u00e4hnt: Ohne ihn geht hier gar NIX! Daher sind Mensch und Tier ihm sehr dankbar f\u00fcr seine wertvolle Arbeit.<\/p>\n\n\n\n<p><\/p>\n","protected":false},"excerpt":{"rendered":"<p>Kerstin Jeden Tag lerne ich von meinen Lamas. Seit 2014 wachse ich mit ihnen.&nbsp; Beruflich und pers\u00f6nlich bin ich durch&hellip;<\/p>\n","protected":false},"author":2,"featured_media":0,"parent":0,"menu_order":0,"comment_status":"closed","ping_status":"closed","template":"","meta":{"footnotes":""},"class_list":["post-116","page","type-page","status-publish","hentry"],"_links":{"self":[{"href":"https:\/\/retztal-lamas.de\/retztallamas20\/wp-json\/wp\/v2\/pages\/116"}],"collection":[{"href":"https:\/\/retztal-lamas.de\/retztallamas20\/wp-json\/wp\/v2\/pages"}],"about":[{"href":"https:\/\/retztal-lamas.de\/retztallamas20\/wp-json\/wp\/v2\/types\/page"}],"author":[{"embeddable":true,"href":"https:\/\/retztal-lamas.de\/retztallamas20\/wp-json\/wp\/v2\/users\/2"}],"replies":[{"embeddable":true,"href":"https:\/\/retztal-lamas.de\/retztallamas20\/wp-json\/wp\/v2\/comments?post=116"}],"version-history":[{"count":13,"href":"https:\/\/retztal-lamas.de\/retztallamas20\/wp-json\/wp\/v2\/pages\/116\/revisions"}],"predecessor-version":[{"id":1207,"href":"https:\/\/retztal-lamas.de\/retztallamas20\/wp-json\/wp\/v2\/pages\/116\/revisions\/1207"}],"wp:attachment":[{"href":"https:\/\/retztal-lamas.de\/retztallamas20\/wp-json\/wp\/v2\/media?parent=116"}],"curies":[{"name":"wp","href":"https:\/\/api.w.org\/{rel}","templated":true}]}}